{"id":1337,"date":"2024-11-07T11:46:07","date_gmt":"2024-11-07T10:46:07","guid":{"rendered":"https:\/\/www.smuzcafe.hu\/?page_id=1337"},"modified":"2025-01-24T13:51:33","modified_gmt":"2025-01-24T12:51:33","slug":"informazioni-sulla-protezione-dei-dati","status":"publish","type":"page","link":"https:\/\/www.smuzcafe.hu\/it\/adatvedelmi-tajekoztato\/","title":{"rendered":"politica sulla riservatezza"},"content":{"rendered":"<div data-elementor-type=\"wp-page\" data-elementor-id=\"1337\" class=\"elementor elementor-1337\" data-elementor-post-type=\"page\">\n\t\t\t\t\t\t<section class=\"elementor-section elementor-top-section elementor-element elementor-element-45b6f814 elementor-section-boxed elementor-section-height-default elementor-section-height-default\" data-id=\"45b6f814\" data-element_type=\"section\" data-e-type=\"section\" data-settings=\"{&quot;background_background&quot;:&quot;classic&quot;,&quot;jet_parallax_layout_list&quot;:[]}\">\n\t\t\t\t\t\t<div class=\"elementor-container elementor-column-gap-default\">\n\t\t\t\t\t<div class=\"elementor-column elementor-col-100 elementor-top-column elementor-element elementor-element-9a5960a\" data-id=\"9a5960a\" data-element_type=\"column\" data-e-type=\"column\">\n\t\t\t<div class=\"elementor-widget-wrap elementor-element-populated\">\n\t\t\t\t\t\t<div class=\"elementor-element elementor-element-11d29d12 elementor-widget elementor-widget-heading\" data-id=\"11d29d12\" data-element_type=\"widget\" data-e-type=\"widget\" data-widget_type=\"heading.default\">\n\t\t\t\t\t<h1 class=\"elementor-heading-title elementor-size-default\">politica sulla riservatezza<\/h1>\t\t\t\t<\/div>\n\t\t\t\t\t<\/div>\n\t\t<\/div>\n\t\t\t\t\t<\/div>\n\t\t<\/section>\n\t\t\t\t<section class=\"elementor-section elementor-top-section elementor-element elementor-element-37c39434 elementor-section-boxed elementor-section-height-default elementor-section-height-default\" data-id=\"37c39434\" data-element_type=\"section\" data-e-type=\"section\" data-settings=\"{&quot;jet_parallax_layout_list&quot;:[]}\">\n\t\t\t\t\t\t<div class=\"elementor-container elementor-column-gap-default\">\n\t\t\t\t\t<div class=\"elementor-column elementor-col-100 elementor-top-column elementor-element elementor-element-6b380a8\" data-id=\"6b380a8\" data-element_type=\"column\" data-e-type=\"column\">\n\t\t\t<div class=\"elementor-widget-wrap elementor-element-populated\">\n\t\t\t\t\t\t<div class=\"elementor-element elementor-element-704e7435 elementor-widget elementor-widget-text-editor\" data-id=\"704e7435\" data-element_type=\"widget\" data-e-type=\"widget\" data-widget_type=\"text-editor.default\">\n\t\t\t\t\t\t\t\t\t<p>In questa informativa, vi informiamo, in qualit\u00e0 di visitatori del nostro sito web e utenti dei nostri servizi, sulle norme aziendali in materia di gestione e protezione dei dati.<\/p><p><b>1. Quali principi seguiamo nella gestione dei dati?<\/b><\/p><p>La nostra azienda si attiene ai seguenti principi nel trattamento dei dati:<\/p><ul><li>Trattiamo i dati personali in modo lecito, corretto e trasparente nei vostri confronti.<\/li><li>Raccogliamo i dati personali solo per finalit\u00e0 specifiche, esplicite e legittime e non li trattiamo in modo incompatibile con tali finalit\u00e0.<\/li><li>I dati personali che raccogliamo e trattiamo sono adeguati e pertinenti alle finalit\u00e0 del trattamento e sono limitati a quanto necessario.<\/li><li>La nostra azienda adotta tutte le misure ragionevoli per garantire che i dati che trattiamo siano accurati e, ove necessario, aggiornati, e provvederemo a cancellare o correggere senza indugio i dati personali inesatti.<\/li><li>Conserviamo i dati personali in una forma che consente di identificarti solo per il tempo necessario al raggiungimento delle finalit\u00e0 per cui i dati personali vengono trattati.<\/li><li>Garantiamo un&#039;adeguata sicurezza dei dati personali contro il trattamento non autorizzato o illecito, la perdita accidentale, la distruzione o il danneggiamento, applicando misure tecniche e organizzative appropriate.<\/li><li>La nostra azienda tratta i tuoi dati personali<\/li><li>Trattiamo i dati, ovvero li raccogliamo, registriamo, organizziamo, conserviamo e utilizziamo sulla base del vostro previo consenso informato e volontario, solo nella misura necessaria e in ogni caso per uno scopo specifico.<\/li><li>In alcuni casi, il trattamento dei vostri dati si basa su obblighi di legge; in tali casi, vi segnaliamo espressamente questo aspetto.<\/li><li>oppure, in alcuni casi, la nostra azienda o una terza parte ha un interesse legittimo nel trattamento dei vostri dati personali, come ad esempio il funzionamento, lo sviluppo e la sicurezza del nostro sito web.<\/li><\/ul><p><b>2. Chi siamo?<\/b><\/p><p>Nome dell&#039;azienda: <br \/>Smuz Ltd.<br \/>Sede: 1055 Budapest Piazza Kossuth Lajos 18.<br \/>Sito web: smuzcafe.hu<br \/>Indirizzo postale: 1055 Budapest Piazza Kossuth Lajos 18.<br \/>Indirizzo email: smuz@smuzcafe.hu<br \/>Codice fiscale: <br \/>25092309-2-41<br \/>Numero di registrazione dell&#039;azienda: 01 09 199292<\/p><p>La nostra azienda non \u00e8 obbligata a nominare un responsabile della protezione dei dati ai sensi dell&#039;articolo 37 del GDPR.<\/p><p><b>Il fornitore di hosting della nostra azienda:<\/b><\/p><p>Nome del fornitore di hosting: Integrity Kft.<\/p><p>Sede del fornitore di hosting: 8000 Sz\u00e9kesfeh\u00e9rv\u00e1r, Gyetvai u 6.<\/p><p>La nostra azienda si avvale dei seguenti responsabili del trattamento dei dati per fornire un servizio di alta qualit\u00e0 ai nostri clienti:<\/p><p>Titolare del trattamento dei dati (1): Sm\u00faz Ltd.<\/p><p>Indirizzo (1): 1055 Budapest Kossuth Square 18.<\/p><p>Responsabilit\u00e0 (1): Tutte le attivit\u00e0<\/p><p>Qualora dovessimo modificare l&#039;ambito dei nostri responsabili del trattamento dei dati, integreremo tali modifiche nella presente informativa.<\/p><p><b>I dati che elaboriamo:<span class=\"Apple-converted-space\">\u00a0<\/span><\/b><b><\/b><\/p><p>Richiediamo informazioni personali ai visitatori del nostro sito web solo se desiderano registrarsi, accedere al proprio account o partecipare a un&#039;estrazione a premi.<\/p><p>Non possiamo collegare i dati personali forniti in fase di registrazione o di utilizzo dei nostri servizi di marketing, e il nostro obiettivo non \u00e8 identificare i nostri visitatori.<\/p><p>Per domande relative al trattamento dei dati, si prega di contattare: <b>email@domained.hu<\/b> \u00c8 possibile richiedere ulteriori informazioni tramite e-mail o posta ordinaria; vi risponderemo entro 15 giorni (ma non oltre 1 mese) utilizzando i recapiti forniti.<\/p><p><b>3. Cosa sono i cookie e come li gestiamo?<\/b><\/p><p>I cookie sono piccoli file di dati (di seguito denominati cookie) che vengono trasferiti al tuo computer tramite il sito web quando lo utilizzi e vengono salvati e memorizzati dal tuo browser. La maggior parte dei browser pi\u00f9 comuni (Chrome, Firefox, ecc.) accetta e consente il download e l&#039;utilizzo dei cookie come impostazione predefinita, ma sta a te rifiutarli o bloccarli modificando le impostazioni del browser, e puoi anche eliminare i cookie gi\u00e0 memorizzati sul tuo computer. Il menu &quot;Aiuto&quot; di ciascun browser fornisce maggiori informazioni sull&#039;utilizzo dei cookie.<\/p><p>Esistono cookie che non richiedono il tuo previo consenso. Il nostro sito web ti informer\u00e0 brevemente di questi all&#039;inizio della tua prima visita, come ad esempio i cookie di autenticazione, del lettore multimediale, del bilanciatore di carico, i cookie di sessione che aiutano a personalizzare l&#039;interfaccia utente e i cookie di sicurezza incentrati sull&#039;utente.<\/p><p>La nostra azienda vi informer\u00e0 sui cookie che richiedono il consenso - qualora il trattamento dei dati inizi al momento della visita al sito - all&#039;inizio della vostra prima visita e vi chiederemo il consenso.<\/p><p>La nostra azienda non utilizza n\u00e9 consente l&#039;uso di cookie che permettano a terzi di raccogliere dati senza il tuo consenso.<\/p><p>Accettare i cookie non \u00e8 obbligatorio, tuttavia la nostra azienda declina ogni responsabilit\u00e0 qualora il sito web non funzioni correttamente se i cookie non vengono consentiti.<\/p><p><b>Quali cookie utilizziamo?<\/b><\/p><p><b>Nome<\/b>: _ga<br \/><b>Fornitore di servizi<\/b>: domained.hu<br \/><b>Scopo<\/b>Registra un identificatore univoco che genera dati statistici su come il visitatore utilizza il sito web.<br \/><b>Scadenza<\/b>: 2 anni<br \/><b>Tipo<\/b>: HTTP<\/p><p><b>Nome<\/b>: _gat<br \/><b>Fornitore di servizi: <\/b>yourdomain.hu<br \/><b>Scopo<\/b>: Memorizza il rapporto di richiesta del limitatore utilizzato da Google Analytics.<br \/><b>Scadenza<\/b>: Flusso di lavoro<br \/><b>Tipo<\/b>: HTTP<\/p><p><b>Nome<\/b>: _gid<br \/><b>Fornitore di servizi: <\/b>yourdomain.hu<br \/><b>Scopo<\/b>Registra un identificatore univoco che genera dati statistici su come il visitatore utilizza il sito web. <br \/><b>Scadenza<\/b>: Flusso di lavoro<br \/><b>Tipo<\/b>: HTTP<\/p><p><b>Nome<\/b>: _fbp<br \/><b>Fornitore di servizi: <\/b>yourdomain.hu<br \/><b>Scopo<\/b>Utilizzato da Facebook per fornire prodotti pubblicitari a terzi (ad esempio, annunci in tempo reale).<br \/><b>Scadenza<\/b>: 3 mesi<br \/><b>Tipo<\/b>: HTTP<\/p><p><b>Nome<\/b>: fr<br \/><b>Fornitore di servizi: <\/b>facebook.com<br \/><b>Scopo<\/b>Facebook utilizza questo cookie per offrire una gamma di prodotti pubblicitari (come le offerte in tempo reale da parte di inserzionisti terzi).<br \/><b>Scadenza<\/b>: 3 mesi<br \/><b>Tipo<\/b>: HTTP<\/p><p>Maggiori informazioni sui cookie di terze parti qui. <a href=\"https:\/\/policies.google.com\/technologies\/cookies?hl=hu#types-of-cookies\" target=\"_blank\" rel=\"noopener\">in questa pagina<\/a> puoi leggere.<\/p><p><b>4. Cos&#039;altro devi sapere sul trattamento dei dati relativo al nostro sito web?<\/b><\/p><p>Ci fornite volontariamente i vostri dati personali durante la registrazione o quando contattate la nostra azienda; pertanto, vi chiediamo di prestare sempre maggiore attenzione alla veridicit\u00e0, alla correttezza e all&#039;accuratezza dei dati che ci fornite, poich\u00e9 ne siete responsabili. Dati errati, inesatti o incompleti potrebbero impedirvi di utilizzare i nostri servizi.<\/p><p>Se fornisci dati personali di una persona diversa da te, presumiamo che tu abbia l&#039;autorizzazione necessaria per farlo.<\/p><p>\u00c8 possibile revocare il consenso al trattamento dei dati in qualsiasi momento e gratuitamente.<\/p><ul><li>cancellando la registrazione,<\/li><li>ritirando il consenso al trattamento dei dati, oppure<\/li><li>revocando il consenso al trattamento o all&#039;utilizzo dei dati che devono essere inseriti durante la registrazione o richiedendone il blocco.<\/li><\/ul><p>Registrazione della revoca del consenso \u2013 per motivi tecnici <b>30 giorni<\/b> Ci impegniamo a farlo entro una scadenza, tuttavia, vi segnaliamo che potremmo trattare alcuni dati anche dopo la revoca del consenso al fine di adempiere ai nostri obblighi legali o per far valere i nostri legittimi interessi.<\/p><p>In caso di utilizzo di dati personali falsi, o qualora uno dei nostri visitatori commetta un reato o attacchi il sistema della nostra azienda, provvederemo a cancellare immediatamente i dati del visitatore in questione al termine della sua registrazione, oppure, se necessario, a conservarli per la durata dell&#039;accertamento della responsabilit\u00e0 civile o dello svolgimento di procedimenti penali.<\/p><p><b>5. Cosa devi sapere sul trattamento dei dati per finalit\u00e0 di marketing diretto e newsletter?<\/b><\/p><p>Potete acconsentire all&#039;utilizzo dei vostri dati personali per finalit\u00e0 di marketing esprimendo il vostro consenso durante la registrazione o successivamente modificando i dati personali memorizzati nell&#039;interfaccia di registrazione alla newsletter e\/o al marketing diretto (ovvero, dichiarando esplicitamente la vostra intenzione di acconsentire). In tal caso, tratteremo i vostri dati anche per finalit\u00e0 di marketing diretto e\/o newsletter e vi invieremo materiale pubblicitario e altre comunicazioni, nonch\u00e9 informazioni e offerte e\/o newsletter (articolo 6 della legge ungherese sulla protezione dei dati) fino a quando non revocherete il vostro consenso.<\/p><p>\u00c8 possibile dare il proprio consenso al marketing diretto e alla newsletter, congiuntamente o separatamente, e revocarlo\/i gratuitamente e in qualsiasi momento.<\/p><p>In ogni caso, la cancellazione della registrazione \u00e8 considerata una revoca del consenso. Non interpretiamo la revoca del consenso al trattamento dei dati per finalit\u00e0 di marketing diretto e\/o newsletter come una revoca del consenso al trattamento dei dati relativo al nostro sito web. Com&#039;\u00e8 possibile? Quali dati conserviamo e su quale base se l&#039;utente ha revocato il consenso per la newsletter? Nel caso dei consensi, ogni consenso \u00e8 per uno scopo specifico, quindi la registrazione per la newsletter e l&#039;iscrizione alla newsletter sono due scopi distinti, due database distinti, i due non possono essere collegati.<\/p><p>Registrazione della revoca o annullamento dei consensi individuali \u2013 per motivi tecnici <b>15 giorni<\/b> ci impegniamo con una scadenza.<\/p><p><b>6. Cosa dovresti sapere sui concorsi a premi?<\/b><\/p><p>La nostra azienda pu\u00f2 organizzare concorsi a premi nell&#039;ambito di campagne promozionali, le cui condizioni specifiche sono contenute in un regolamento separato. Il regolamento della campagna in corso \u00e8 sempre disponibile sulla pagina iniziale del nostro sito web, tramite un link posizionato in posizione centrale.<\/p><p><b>7. Altre problematiche relative all&#039;elaborazione dei dati<\/b><\/p><p>Possiamo trasferire i vostri dati solo nei limiti previsti dalla legge e, nel caso dei nostri responsabili del trattamento, ci assicuriamo, mediante la stipula di clausole contrattuali, che non possano utilizzare i vostri dati personali per scopi contrari al vostro consenso. Ulteriori informazioni sono disponibili nella Sezione 2.<\/p><p>La nostra azienda non trasferisce dati all&#039;estero.<\/p><p>Il tribunale, la procura e altre autorit\u00e0 (ad esempio, la polizia, l&#039;ufficio delle imposte, il Garante nazionale per la protezione dei dati e la libert\u00e0 di informazione) possono contattare la nostra azienda per richiedere informazioni, divulgare dati o rendere disponibili documenti. In questi casi, siamo tenuti a soddisfare il nostro obbligo di fornitura dei dati, ma solo nella misura strettamente necessaria al raggiungimento dello scopo della richiesta.<\/p><p>I collaboratori e i dipendenti della nostra azienda coinvolti nella gestione e\/o nell&#039;elaborazione dei dati hanno il diritto di accedere ai vostri dati personali entro limiti predeterminati e nel rispetto dell&#039;obbligo di riservatezza.<\/p><p>Proteggiamo i vostri dati personali con misure tecniche e di altro tipo appropriate, garantendo la sicurezza e la disponibilit\u00e0 dei dati e proteggendoli da accessi non autorizzati, alterazioni, danni, divulgazione e qualsiasi altro utilizzo non autorizzato.<\/p><p>Nell&#039;ambito delle nostre misure organizzative, controlliamo l&#039;accesso fisico ai nostri edifici, formiamo costantemente i nostri dipendenti e conserviamo i documenti cartacei sotto chiave con un&#039;adeguata protezione. Come misura tecnica, utilizziamo crittografia, protezione tramite password e software antivirus. Tuttavia, desideriamo precisare che la trasmissione di dati via Internet non pu\u00f2 essere considerata completamente sicura. La nostra azienda fa tutto il possibile per rendere i processi il pi\u00f9 sicuri possibile, tuttavia non possiamo assumerci la piena responsabilit\u00e0 della trasmissione dei dati tramite il nostro sito web, ma ci atteniamo a rigide normative relative ai dati ricevuti dalla nostra azienda al fine di garantire la sicurezza dei vostri dati e prevenire accessi non autorizzati.<\/p><p>Per quanto riguarda le questioni di sicurezza, vi chiediamo di collaborare con noi custodendo con cura la password di accesso al nostro sito web e di non condividerla con nessuno.<\/p><p><b>8. Quali sono i tuoi diritti e i rimedi a tua disposizione?<\/b><\/p><p>Informazioni sul trattamento dei dati<\/p><ul><li>\u00e8 possibile richiedere informazioni,<\/li><li>puoi richiedere la correzione, la modifica o l&#039;integrazione dei tuoi dati personali da noi trattati,<\/li><li>\u00e8 possibile opporsi al trattamento dei dati e richiedere la cancellazione e il blocco dei propri dati (ad eccezione del trattamento obbligatorio dei dati),<\/li><li>pu\u00f2 chiedere un risarcimento legale dinanzi a un tribunale,<\/li><li>\u00c8 possibile presentare un reclamo all&#039;autorit\u00e0 di controllo o avviare un procedimento (<a href=\"https:\/\/naih.hu\/panaszuegyintezes-rendje.html\" target=\"_blank\" rel=\"noopener\">https:\/\/naih.hu\/panaszuegyintezes-rendje.html<\/a>).<\/li><\/ul><p>Autorit\u00e0 di controllo: Autorit\u00e0 nazionale per la protezione dei dati e la libert\u00e0 di informazione<\/p><ul><li>Sede legale: 1125 Budapest, Szil\u00e1gyi Erzs\u00e9bet fasor 22\/c.<\/li><li>Indirizzo postale: 1530 Budapest, Casella Postale: 5.<\/li><li>Telefono: +36 (1) 391-1400<\/li><li>Fax: +36 (1) 391-1410<\/li><li>E-mail: ugyfelszolgalat@naih.hu<\/li><li>Sito web: https:\/\/naih.hu\/<\/li><\/ul><p>Su vostra richiesta, vi forniremo informazioni sui dati che trattiamo o sui dati che trattiamo per vostro conto.<\/p><ul><li>riguardo ai tuoi dati,<\/li><li>riguardo alla loro fonte,<\/li><li>lo scopo e la base giuridica del trattamento dei dati,<\/li><li>la durata del periodo o, se ci\u00f2 non \u00e8 possibile, i criteri per determinare tale durata,<\/li><li>il nome, l&#039;indirizzo e le attivit\u00e0 dei nostri responsabili del trattamento dei dati relativi al trattamento dei dati,<\/li><li>le circostanze e gli effetti degli incidenti relativi alla protezione dei dati e le misure che abbiamo adottato per prevenirli e affrontarli, nonch\u00e9<\/li><li>In caso di trasferimento dei tuoi dati personali, la base giuridica e il destinatario del trasferimento dei dati.<\/li><\/ul><p>Vi forniremo le informazioni entro 15 giorni (ma non oltre 1 mese) dalla data di presentazione della richiesta. Le informazioni sono gratuite, a meno che non abbiate gi\u00e0 presentato una richiesta di informazioni relativa agli stessi dati nell&#039;anno in corso. Vi rimborseremo i costi gi\u00e0 sostenuti qualora i dati siano stati trattati illecitamente o la richiesta di informazioni abbia portato a una correzione. Possiamo rifiutarci di fornire le informazioni solo nei casi previsti dalla legge, indicando il foro competente e informandovi della possibilit\u00e0 di ricorrere in tribunale o di contattare l&#039;Autorit\u00e0.<\/p><p>La nostra azienda informer\u00e0 te e tutti coloro ai quali i dati sono stati precedentemente trasmessi per il trattamento dei dati in merito alla correzione, al blocco, alla marcatura e alla cancellazione dei dati personali, a meno che la mancata notifica non violi i tuoi legittimi interessi.<\/p><p>Qualora non dovessimo ottemperare alla sua richiesta di rettifica, blocco o cancellazione, la informeremo per iscritto o \u2013 con il suo consenso \u2013 per via elettronica entro 15 giorni dal ricevimento della richiesta (ma non oltre 1 mese) dei motivi del rifiuto e la informeremo della possibilit\u00e0 di ricorrere in giudizio e di contattare l&#039;Autorit\u00e0 Garante.<\/p><p>Qualora vi opponiate al trattamento dei vostri dati personali, esamineremo l&#039;opposizione entro 15 giorni (ma non oltre 1 mese) dalla data di presentazione della richiesta e vi comunicheremo per iscritto la nostra decisione. Se riteniamo fondata la vostra opposizione, interromperemo il trattamento dei dati, compresa l&#039;ulteriore raccolta e trasmissione degli stessi, e bloccheremo i dati, informando inoltre tutti coloro ai quali abbiamo precedentemente trasmesso i dati personali oggetto dell&#039;opposizione e che sono tenuti ad adottare misure per far valere il diritto di opposizione.<\/p><p>Ci riserviamo il diritto di rifiutare la tua richiesta qualora dovessimo dimostrare l&#039;esistenza di motivi legittimi e cogenti per il trattamento dei dati che prevalgano sui tuoi interessi, diritti e libert\u00e0, oppure per l&#039;accertamento, l&#039;esercizio o la difesa di un diritto in sede giudiziaria. Se non sei d&#039;accordo con la nostra decisione o se non rispettiamo i termini, puoi presentare ricorso al tribunale entro 30 giorni dalla notifica della decisione o entro l&#039;ultimo giorno del termine.<\/p><p>La risoluzione delle controversie in materia di protezione dei dati rientra nella giurisdizione del tribunale, e la causa pu\u00f2 essere intentata \u2013 a scelta dell&#039;interessato \u2013 anche dinanzi al tribunale del luogo di residenza o di soggiorno dell&#039;interessato. Un cittadino straniero pu\u00f2 inoltre presentare un reclamo all&#039;autorit\u00e0 di controllo competente per il suo luogo di residenza.<\/p><p><b>Vi preghiamo gentilmente di contattare la nostra azienda prima di presentare il reclamo all&#039;autorit\u00e0 di controllo o al tribunale, al fine di facilitare la consultazione e risolvere il problema nel pi\u00f9 breve tempo possibile.<\/b><b><\/b><\/p><p><b>9. Quali sono le principali leggi che regolano le nostre attivit\u00e0?<\/b><\/p><ul><li>Regolamento (UE) 2016\/679 del Parlamento europeo e del Consiglio relativo al trattamento dei dati personali delle persone fisiche (GDPR)<\/li><li>Legge CXII del 2011 sul diritto all&#039;autodeterminazione informativa e alla libert\u00e0 di informazione (Legge sull&#039;informazione)<\/li><li>Legge V del 2013 sul Codice Civile (Codice Civile)<\/li><li>Legge CVIII del 2001 su alcune questioni relative ai servizi di commercio elettronico e ai servizi connessi alla societ\u00e0 dell&#039;informazione (Legge Eker)<\/li><li>Legge C del 2003 sulle comunicazioni elettroniche (Ehtv)<\/li><li>Legge CLV del 1997 sulla tutela dei consumatori (Legge sulla tutela dei consumatori)<\/li><li>Legge CLXV del 2013 sui reclami e le notifiche di interesse pubblico (Pktv.)<\/li><li>Legge XLVIII del 2008 sulle condizioni di base e su alcune limitazioni delle attivit\u00e0 di pubblicit\u00e0 economica (Grtv.).<\/li><\/ul><p><b>10. Modifica delle informazioni relative al trattamento dei dati<\/b><\/p><p>La nostra azienda si riserva il diritto di modificare la presente Informativa sulla gestione dei dati, di cui informer\u00e0 gli interessati in modo appropriato. La pubblicazione delle informazioni relative alla gestione dei dati \u00e8 <b>yourdomain.hu<\/b> si svolge sul sito web.<\/p>\t\t\t\t\t\t\t\t<\/div>\n\t\t\t\t<div class=\"elementor-element elementor-element-b748ff9 elementor-widget elementor-widget-text-editor\" data-id=\"b748ff9\" data-element_type=\"widget\" data-e-type=\"widget\" data-widget_type=\"text-editor.default\">\n\t\t\t\t\t\t\t\t\t<p>Budapest, 6 novembre 2024.<\/p>\t\t\t\t\t\t\t\t<\/div>\n\t\t\t\t\t<\/div>\n\t\t<\/div>\n\t\t\t\t\t<\/div>\n\t\t<\/section>\n\t\t\t\t<\/div>","protected":false},"excerpt":{"rendered":"<p>Adatv\u00e9delmi t\u00e1j\u00e9koztat\u00f3 amelyben t\u00e1j\u00e9koztatjuk \u00d6nt, mint honlapunk l\u00e1togat\u00f3j\u00e1t, valamint szolg\u00e1ltat\u00e1saink ig\u00e9nybe vev\u0151j\u00e9t t\u00e1rsas\u00e1gunk adatkezel\u00e9si \u00e9s adatv\u00e9delmi szab\u00e1lyair\u00f3l. 1. Milyen alapelveket k\u00f6vet\u00fcnk adatkezel\u00e9s\u00fcnk sor\u00e1n? T\u00e1rsas\u00e1gunk az adatkezel\u00e9se sor\u00e1n al\u00e1bbi alapelveket k\u00f6veti: a szem\u00e9lyes adatokat jogszer\u0171en \u00e9s tisztess\u00e9gesen, valamint az \u00d6n sz\u00e1m\u00e1ra \u00e1tl\u00e1that\u00f3an kezelj\u00fck. a szem\u00e9lyes adatokat csak meghat\u00e1rozott, egy\u00e9rtelm\u0171 \u00e9s jogszer\u0171 c\u00e9lb\u00f3l gy\u0171jtj\u00fck \u00e9s azokat nem [&hellip;]<\/p>\n","protected":false},"author":1,"featured_media":0,"parent":0,"menu_order":0,"comment_status":"closed","ping_status":"closed","template":"","meta":{"_acf_changed":false,"footnotes":""},"class_list":["post-1337","page","type-page","status-publish","hentry"],"acf":[],"_links":{"self":[{"href":"https:\/\/www.smuzcafe.hu\/it\/wp-json\/wp\/v2\/pages\/1337","targetHints":{"allow":["GET"]}}],"collection":[{"href":"https:\/\/www.smuzcafe.hu\/it\/wp-json\/wp\/v2\/pages"}],"about":[{"href":"https:\/\/www.smuzcafe.hu\/it\/wp-json\/wp\/v2\/types\/page"}],"author":[{"embeddable":true,"href":"https:\/\/www.smuzcafe.hu\/it\/wp-json\/wp\/v2\/users\/1"}],"replies":[{"embeddable":true,"href":"https:\/\/www.smuzcafe.hu\/it\/wp-json\/wp\/v2\/comments?post=1337"}],"version-history":[{"count":0,"href":"https:\/\/www.smuzcafe.hu\/it\/wp-json\/wp\/v2\/pages\/1337\/revisions"}],"wp:attachment":[{"href":"https:\/\/www.smuzcafe.hu\/it\/wp-json\/wp\/v2\/media?parent=1337"}],"curies":[{"name":"wp","href":"https:\/\/api.w.org\/{rel}","templated":true}]}}