{"id":1223,"date":"2024-11-06T16:20:55","date_gmt":"2024-11-06T15:20:55","guid":{"rendered":"https:\/\/www.smuzcafe.hu\/?page_id=1223"},"modified":"2025-01-20T09:22:17","modified_gmt":"2025-01-20T08:22:17","slug":"opportunita-di-lavoro","status":"publish","type":"page","link":"https:\/\/www.smuzcafe.hu\/it\/allaslehetoseg\/","title":{"rendered":"Opportunit\u00e0 di lavoro"},"content":{"rendered":"<div data-elementor-type=\"wp-page\" data-elementor-id=\"1223\" class=\"elementor elementor-1223\" data-elementor-post-type=\"page\">\n\t\t\t\t\t\t<section class=\"elementor-section elementor-top-section elementor-element elementor-element-0f3949a elementor-section-height-min-height elementor-section-boxed elementor-section-height-default elementor-section-items-middle\" data-id=\"0f3949a\" data-element_type=\"section\" data-e-type=\"section\" data-settings=\"{&quot;background_background&quot;:&quot;classic&quot;,&quot;jet_parallax_layout_list&quot;:[]}\">\n\t\t\t\t\t\t<div class=\"elementor-container elementor-column-gap-default\">\n\t\t\t\t\t<div class=\"elementor-column elementor-col-100 elementor-top-column elementor-element elementor-element-8c5f992\" data-id=\"8c5f992\" data-element_type=\"column\" data-e-type=\"column\" data-settings=\"{&quot;background_background&quot;:&quot;classic&quot;}\">\n\t\t\t<div class=\"elementor-widget-wrap elementor-element-populated\">\n\t\t\t\t\t\t\t<\/div>\n\t\t<\/div>\n\t\t\t\t\t<\/div>\n\t\t<\/section>\n\t\t<div class=\"elementor-element elementor-element-84c2270 e-flex e-con-boxed e-con e-parent\" data-id=\"84c2270\" data-element_type=\"container\" data-e-type=\"container\" data-settings=\"{&quot;jet_parallax_layout_list&quot;:[]}\">\n\t\t\t\t\t<div class=\"e-con-inner\">\n\t\t<div class=\"elementor-element elementor-element-f66f59a e-con-full e-flex e-con e-child\" data-id=\"f66f59a\" data-element_type=\"container\" data-e-type=\"container\" data-settings=\"{&quot;jet_parallax_layout_list&quot;:[]}\">\n\t\t\t\t<div class=\"elementor-element elementor-element-a094530 elementor-widget elementor-widget-image\" data-id=\"a094530\" data-element_type=\"widget\" data-e-type=\"widget\" data-widget_type=\"image.default\">\n\t\t\t\t\t\t\t\t\t\t\t\t\t\t\t<img fetchpriority=\"high\" decoding=\"async\" width=\"800\" height=\"800\" src=\"https:\/\/www.smuzcafe.hu\/wp-content\/uploads\/2024\/11\/smuz-cafe-budapest-allas-1-1024x1024.webp\" class=\"attachment-large size-large wp-image-1229\" alt=\"Opportunit\u00e0 di lavoro al Sm\u00faz Caf\u00e9 Budapest\" srcset=\"https:\/\/www.smuzcafe.hu\/wp-content\/uploads\/2024\/11\/smuz-cafe-budapest-allas-1-1024x1024.webp 1024w, https:\/\/www.smuzcafe.hu\/wp-content\/uploads\/2024\/11\/smuz-cafe-budapest-allas-1-700x700.webp 700w, https:\/\/www.smuzcafe.hu\/wp-content\/uploads\/2024\/11\/smuz-cafe-budapest-allas-1-150x150.webp 150w, https:\/\/www.smuzcafe.hu\/wp-content\/uploads\/2024\/11\/smuz-cafe-budapest-allas-1-768x768.webp 768w, https:\/\/www.smuzcafe.hu\/wp-content\/uploads\/2024\/11\/smuz-cafe-budapest-allas-1.webp 1080w\" sizes=\"(max-width: 800px) 100vw, 800px\" \/>\t\t\t\t\t\t\t\t\t\t\t\t\t\t\t<\/div>\n\t\t\t\t<div class=\"elementor-element elementor-element-4df52f8 elementor-align-center elementor-tablet-align-center elementor-widget elementor-widget-button\" data-id=\"4df52f8\" data-element_type=\"widget\" data-e-type=\"widget\" data-widget_type=\"button.default\">\n\t\t\t\t\t\t\t\t\t\t<a class=\"elementor-button elementor-button-link elementor-size-sm elementor-animation-grow\" href=\"#\">\n\t\t\t\t\t\t<span class=\"elementor-button-content-wrapper\">\n\t\t\t\t\t\t\t\t\t<span class=\"elementor-button-text\">Al momento non ci sono posizioni aperte.<\/span>\n\t\t\t\t\t<\/span>\n\t\t\t\t\t<\/a>\n\t\t\t\t\t\t\t\t<\/div>\n\t\t\t\t<\/div>\n\t\t<div class=\"elementor-element elementor-element-ffd8f12 e-con-full e-flex e-con e-child\" data-id=\"ffd8f12\" data-element_type=\"container\" data-e-type=\"container\" data-settings=\"{&quot;jet_parallax_layout_list&quot;:[]}\">\n\t\t\t\t<div class=\"elementor-element elementor-element-acf63f9 elementor-widget elementor-widget-image\" data-id=\"acf63f9\" data-element_type=\"widget\" data-e-type=\"widget\" data-widget_type=\"image.default\">\n\t\t\t\t\t\t\t\t\t\t\t\t\t\t\t<img decoding=\"async\" width=\"800\" height=\"800\" src=\"https:\/\/www.smuzcafe.hu\/wp-content\/uploads\/2024\/11\/smuz-cafe-budapest-allas-2-1024x1024.webp\" class=\"attachment-large size-large wp-image-1230\" alt=\"Opportunit\u00e0 di lavoro al Sm\u00faz Caf\u00e9 Budapest\" srcset=\"https:\/\/www.smuzcafe.hu\/wp-content\/uploads\/2024\/11\/smuz-cafe-budapest-allas-2-1024x1024.webp 1024w, https:\/\/www.smuzcafe.hu\/wp-content\/uploads\/2024\/11\/smuz-cafe-budapest-allas-2-700x700.webp 700w, https:\/\/www.smuzcafe.hu\/wp-content\/uploads\/2024\/11\/smuz-cafe-budapest-allas-2-150x150.webp 150w, https:\/\/www.smuzcafe.hu\/wp-content\/uploads\/2024\/11\/smuz-cafe-budapest-allas-2-768x768.webp 768w, https:\/\/www.smuzcafe.hu\/wp-content\/uploads\/2024\/11\/smuz-cafe-budapest-allas-2.webp 1080w\" sizes=\"(max-width: 800px) 100vw, 800px\" \/>\t\t\t\t\t\t\t\t\t\t\t\t\t\t\t<\/div>\n\t\t\t\t<div class=\"elementor-element elementor-element-1118b3c elementor-align-center elementor-tablet-align-center elementor-widget elementor-widget-button\" data-id=\"1118b3c\" data-element_type=\"widget\" data-e-type=\"widget\" data-widget_type=\"button.default\">\n\t\t\t\t\t\t\t\t\t\t<a class=\"elementor-button elementor-button-link elementor-size-sm elementor-animation-grow\" href=\"#\">\n\t\t\t\t\t\t<span class=\"elementor-button-content-wrapper\">\n\t\t\t\t\t\t\t\t\t<span class=\"elementor-button-text\">Al momento non ci sono posizioni aperte.<\/span>\n\t\t\t\t\t<\/span>\n\t\t\t\t\t<\/a>\n\t\t\t\t\t\t\t\t<\/div>\n\t\t\t\t<\/div>\n\t\t<div class=\"elementor-element elementor-element-6bdf152 e-con-full e-flex e-con e-child\" data-id=\"6bdf152\" data-element_type=\"container\" data-e-type=\"container\" data-settings=\"{&quot;jet_parallax_layout_list&quot;:[]}\">\n\t\t\t\t<div class=\"elementor-element elementor-element-bd74500 elementor-widget elementor-widget-image\" data-id=\"bd74500\" data-element_type=\"widget\" data-e-type=\"widget\" data-widget_type=\"image.default\">\n\t\t\t\t\t\t\t\t\t\t\t\t\t\t\t<img decoding=\"async\" width=\"800\" height=\"800\" src=\"https:\/\/www.smuzcafe.hu\/wp-content\/uploads\/2024\/11\/smuz-cafe-budapest-allas-3-1024x1024.webp\" class=\"attachment-large size-large wp-image-1231\" alt=\"Opportunit\u00e0 di lavoro al Sm\u00faz Caf\u00e9 Budapest\" srcset=\"https:\/\/www.smuzcafe.hu\/wp-content\/uploads\/2024\/11\/smuz-cafe-budapest-allas-3-1024x1024.webp 1024w, https:\/\/www.smuzcafe.hu\/wp-content\/uploads\/2024\/11\/smuz-cafe-budapest-allas-3-700x700.webp 700w, https:\/\/www.smuzcafe.hu\/wp-content\/uploads\/2024\/11\/smuz-cafe-budapest-allas-3-150x150.webp 150w, https:\/\/www.smuzcafe.hu\/wp-content\/uploads\/2024\/11\/smuz-cafe-budapest-allas-3-768x768.webp 768w, https:\/\/www.smuzcafe.hu\/wp-content\/uploads\/2024\/11\/smuz-cafe-budapest-allas-3.webp 1080w\" sizes=\"(max-width: 800px) 100vw, 800px\" \/>\t\t\t\t\t\t\t\t\t\t\t\t\t\t\t<\/div>\n\t\t\t\t<div class=\"elementor-element elementor-element-dbe9704 elementor-align-center elementor-tablet-align-center elementor-widget elementor-widget-button\" data-id=\"dbe9704\" data-element_type=\"widget\" data-e-type=\"widget\" data-widget_type=\"button.default\">\n\t\t\t\t\t\t\t\t\t\t<a class=\"elementor-button elementor-button-link elementor-size-sm elementor-animation-grow\" href=\"#\">\n\t\t\t\t\t\t<span class=\"elementor-button-content-wrapper\">\n\t\t\t\t\t\t\t\t\t<span class=\"elementor-button-text\">Al momento non ci sono posizioni aperte.<\/span>\n\t\t\t\t\t<\/span>\n\t\t\t\t\t<\/a>\n\t\t\t\t\t\t\t\t<\/div>\n\t\t\t\t<\/div>\n\t\t\t\t\t<\/div>\n\t\t\t\t<\/div>\n\t\t\t\t<\/div>","protected":false},"excerpt":{"rendered":"<p>jelenleg nincs nyitott poz\u00edci\u00f3 jelenleg nincs nyitott poz\u00edci\u00f3 jelenleg nincs nyitott poz\u00edci\u00f3<\/p>","protected":false},"author":1,"featured_media":0,"parent":0,"menu_order":0,"comment_status":"closed","ping_status":"closed","template":"","meta":{"_acf_changed":false,"footnotes":""},"class_list":["post-1223","page","type-page","status-publish","hentry"],"acf":[],"_links":{"self":[{"href":"https:\/\/www.smuzcafe.hu\/it\/wp-json\/wp\/v2\/pages\/1223","targetHints":{"allow":["GET"]}}],"collection":[{"href":"https:\/\/www.smuzcafe.hu\/it\/wp-json\/wp\/v2\/pages"}],"about":[{"href":"https:\/\/www.smuzcafe.hu\/it\/wp-json\/wp\/v2\/types\/page"}],"author":[{"embeddable":true,"href":"https:\/\/www.smuzcafe.hu\/it\/wp-json\/wp\/v2\/users\/1"}],"replies":[{"embeddable":true,"href":"https:\/\/www.smuzcafe.hu\/it\/wp-json\/wp\/v2\/comments?post=1223"}],"version-history":[{"count":0,"href":"https:\/\/www.smuzcafe.hu\/it\/wp-json\/wp\/v2\/pages\/1223\/revisions"}],"wp:attachment":[{"href":"https:\/\/www.smuzcafe.hu\/it\/wp-json\/wp\/v2\/media?parent=1223"}],"curies":[{"name":"wp","href":"https:\/\/api.w.org\/{rel}","templated":true}]}}