{"id":335,"date":"2024-10-24T13:50:55","date_gmt":"2024-10-24T11:50:55","guid":{"rendered":"https:\/\/www.smuzcafe.hu\/?page_id=335"},"modified":"2025-12-31T15:35:14","modified_gmt":"2025-12-31T14:35:14","slug":"blog","status":"publish","type":"page","link":"https:\/\/www.smuzcafe.hu\/en\/blog\/","title":{"rendered":"Blog"},"content":{"rendered":"\t\t<div data-elementor-type=\"wp-page\" data-elementor-id=\"335\" class=\"elementor elementor-335\" data-elementor-post-type=\"page\">\n\t\t\t\t\t\t<section class=\"elementor-section elementor-top-section elementor-element elementor-element-3fca1695 elementor-section-height-min-height elementor-section-boxed elementor-section-height-default elementor-section-items-middle\" data-id=\"3fca1695\" data-element_type=\"section\" data-e-type=\"section\" data-settings=\"{&quot;background_background&quot;:&quot;classic&quot;,&quot;jet_parallax_layout_list&quot;:[]}\">\n\t\t\t\t\t\t<div class=\"elementor-container elementor-column-gap-default\">\n\t\t\t\t\t<div class=\"elementor-column elementor-col-100 elementor-top-column elementor-element elementor-element-18224035\" data-id=\"18224035\" data-element_type=\"column\" data-e-type=\"column\" data-settings=\"{&quot;background_background&quot;:&quot;classic&quot;}\">\n\t\t\t<div class=\"elementor-widget-wrap elementor-element-populated\">\n\t\t\t\t\t\t\t<\/div>\n\t\t<\/div>\n\t\t\t\t\t<\/div>\n\t\t<\/section>\n\t\t<div class=\"elementor-element elementor-element-3c9e1c9 e-flex e-con-boxed e-con e-parent\" data-id=\"3c9e1c9\" data-element_type=\"container\" data-e-type=\"container\" data-settings=\"{&quot;jet_parallax_layout_list&quot;:[]}\">\n\t\t\t\t\t<div class=\"e-con-inner\">\n\t\t\t\t<div class=\"elementor-element elementor-element-8c88692 elementor-grid-3 elementor-grid-tablet-2 elementor-grid-mobile-1 elementor-widget elementor-widget-loop-grid\" data-id=\"8c88692\" data-element_type=\"widget\" data-e-type=\"widget\" data-settings=\"{&quot;template_id&quot;:2488,&quot;pagination_type&quot;:&quot;load_more_infinite_scroll&quot;,&quot;_skin&quot;:&quot;post&quot;,&quot;columns&quot;:&quot;3&quot;,&quot;columns_tablet&quot;:&quot;2&quot;,&quot;columns_mobile&quot;:&quot;1&quot;,&quot;edit_handle_selector&quot;:&quot;[data-elementor-type=\\&quot;loop-item\\&quot;]&quot;,&quot;load_more_spinner&quot;:{&quot;value&quot;:&quot;fas fa-spinner&quot;,&quot;library&quot;:&quot;fa-solid&quot;},&quot;row_gap&quot;:{&quot;unit&quot;:&quot;px&quot;,&quot;size&quot;:&quot;&quot;,&quot;sizes&quot;:[]},&quot;row_gap_tablet&quot;:{&quot;unit&quot;:&quot;px&quot;,&quot;size&quot;:&quot;&quot;,&quot;sizes&quot;:[]},&quot;row_gap_mobile&quot;:{&quot;unit&quot;:&quot;px&quot;,&quot;size&quot;:&quot;&quot;,&quot;sizes&quot;:[]}}\" data-widget_type=\"loop-grid.post\">\n\t\t\t\t<div class=\"elementor-widget-container\">\n\t\t\t\t\t\t\t<div class=\"elementor-loop-container elementor-grid\" role=\"list\">\n\t\t<style id=\"loop-dynamic-2488\">.e-loop-item-2860 .elementor-element.elementor-element-f45e20b:not(.elementor-motion-effects-element-type-background), .e-loop-item-2860 .elementor-element.elementor-element-f45e20b > .elementor-motion-effects-container > .elementor-motion-effects-layer{background-image:url(\"https:\/\/www.smuzcafe.hu\/wp-content\/uploads\/2026\/05\/DSC02880.jpg\");}<\/style><style id=\"loop-2488\">.elementor-2488 .elementor-element.elementor-element-ce289f3{--display:flex;--min-height:600px;--justify-content:space-between;border-style:solid;--border-style:solid;border-width:1px 1px 1px 1px;--border-top-width:1px;--border-right-width:1px;--border-bottom-width:1px;--border-left-width:1px;border-color:var( --e-global-color-text );--border-color:var( --e-global-color-text );--border-radius:0px 0px 0px 0px;--padding-top:0px;--padding-bottom:0px;--padding-left:0px;--padding-right:0px;}.elementor-2488 .elementor-element.elementor-element-f45e20b{--display:flex;--min-height:250px;--justify-content:space-between;}.elementor-2488 .elementor-element.elementor-element-f45e20b:not(.elementor-motion-effects-element-type-background), .elementor-2488 .elementor-element.elementor-element-f45e20b > .elementor-motion-effects-container > .elementor-motion-effects-layer{background-position:center center;background-repeat:no-repeat;background-size:cover;}.elementor-2488 .elementor-element.elementor-element-77589a7{--display:flex;--justify-content:space-between;}.elementor-2488 .elementor-element.elementor-element-e9c5185 .elementor-heading-title{font-family:\"Noto Serif Display Extra Condensed\", Sans-serif;font-size:25px;font-weight:900;text-transform:none;}.elementor-2488 .elementor-element.elementor-element-e9c5185{padding:20px 20px 20px 20px;}.elementor-2488 .elementor-element.elementor-element-7194d57{padding:0px 20px 0px 20px;}.elementor-2488 .elementor-element.elementor-element-f50289d .elementor-button{fill:var( --e-global-color-primary );color:var( --e-global-color-primary );background-color:var( --e-global-color-1833bee );border-style:none;}.elementor-2488 .elementor-element.elementor-element-f50289d .elementor-button:hover, .elementor-2488 .elementor-element.elementor-element-f50289d .elementor-button:focus{background-color:var( --e-global-color-secondary );}.elementor-2488 .elementor-element.elementor-element-f50289d{padding:0px 20px 20px 20px;}@media(min-width:768px){.elementor-2488 .elementor-element.elementor-element-ce289f3{--content-width:1290px;}}@media(max-width:1024px){.elementor-2488 .elementor-element.elementor-element-e9c5185 .elementor-heading-title{font-size:43px;}}@media(max-width:767px){.elementor-2488 .elementor-element.elementor-element-e9c5185 .elementor-heading-title{font-size:40px;}}<\/style>\t\t<div data-elementor-type=\"loop-item\" data-elementor-id=\"2488\" class=\"elementor elementor-2488 e-loop-item e-loop-item-2860 post-2860 post type-post status-publish format-standard has-post-thumbnail hentry category-cikkek category-korabbi-esemenyek\" data-elementor-post-type=\"elementor_library\" data-custom-edit-handle=\"1\">\n\t\t\t<div class=\"elementor-element elementor-element-ce289f3 e-flex e-con-boxed e-con e-parent\" data-id=\"ce289f3\" data-element_type=\"container\" data-e-type=\"container\" data-settings=\"{&quot;jet_parallax_layout_list&quot;:[]}\">\n\t\t\t\t\t<div class=\"e-con-inner\">\n\t\t<div class=\"elementor-element elementor-element-f45e20b e-con-full e-flex e-con e-child\" data-id=\"f45e20b\" data-element_type=\"container\" data-e-type=\"container\" data-settings=\"{&quot;background_background&quot;:&quot;classic&quot;,&quot;jet_parallax_layout_list&quot;:[]}\">\n\t\t\t\t<\/div>\n\t\t<div class=\"elementor-element elementor-element-77589a7 e-con-full e-flex e-con e-child\" data-id=\"77589a7\" data-element_type=\"container\" data-e-type=\"container\" data-settings=\"{&quot;jet_parallax_layout_list&quot;:[]}\">\n\t\t\t\t<div class=\"elementor-element elementor-element-e9c5185 elementor-widget elementor-widget-theme-post-title elementor-page-title elementor-widget-heading\" data-id=\"e9c5185\" data-element_type=\"widget\" data-e-type=\"widget\" data-widget_type=\"theme-post-title.default\">\n\t\t\t\t\t<h1 class=\"elementor-heading-title elementor-size-default\"><a href=\"https:\/\/www.smuzcafe.hu\/en\/aprilisi-privat-rendezvenyek-2026\/\">\u00c1prilisi pillanatok a Sm\u00fazn\u00e1l \u2014 priv\u00e1t rendezv\u00e9nyek, nagy m\u00e1rk\u00e1k, k\u00fcl\u00f6nleges italok<\/a><\/h1>\t\t\t\t<\/div>\n\t\t\t\t<div class=\"elementor-element elementor-element-7194d57 elementor-widget elementor-widget-theme-post-excerpt\" data-id=\"7194d57\" data-element_type=\"widget\" data-e-type=\"widget\" data-widget_type=\"theme-post-excerpt.default\">\n\t\t\t\t\t<p>Egy hely karakter\u00e9t nem csak a h\u00e9tk\u00f6znapi reggelek adj\u00e1k, hanem azok a d\u00e9lut\u00e1nok \u00e9s est\u00e9k is, amikor m\u00e1s arc\u00e1t mutatja:\t\t\t\t<\/div>\n\t\t\t\t<div class=\"elementor-element elementor-element-f50289d elementor-widget elementor-widget-button\" data-id=\"f50289d\" data-element_type=\"widget\" data-e-type=\"widget\" data-widget_type=\"button.default\">\n\t\t\t\t\t\t\t\t\t\t<a class=\"elementor-button elementor-button-link elementor-size-sm\" href=\"https:\/\/www.smuzcafe.hu\/en\/aprilisi-privat-rendezvenyek-2026\/\">\n\t\t\t\t\t\t<span class=\"elementor-button-content-wrapper\">\n\t\t\t\t\t\t\t\t\t<span class=\"elementor-button-text\">ELOLVASOM<\/span>\n\t\t\t\t\t<\/span>\n\t\t\t\t\t<\/a>\n\t\t\t\t\t\t\t\t<\/div>\n\t\t\t\t<\/div>\n\t\t\t\t\t<\/div>\n\t\t\t\t<\/div>\n\t\t\t\t<\/div>\n\t\t<style id=\"loop-dynamic-2488\">.e-loop-item-2846 .elementor-element.elementor-element-f45e20b:not(.elementor-motion-effects-element-type-background), .e-loop-item-2846 .elementor-element.elementor-element-f45e20b > .elementor-motion-effects-container > .elementor-motion-effects-layer{background-image:url(\"https:\/\/www.smuzcafe.hu\/wp-content\/uploads\/2026\/05\/ceges-rendezvenyhelyszin-budapest.webp\");}<\/style>\t\t<div data-elementor-type=\"loop-item\" data-elementor-id=\"2488\" class=\"elementor elementor-2488 e-loop-item e-loop-item-2846 post-2846 post type-post status-publish format-standard has-post-thumbnail hentry category-cikkek\" data-elementor-post-type=\"elementor_library\" data-custom-edit-handle=\"1\">\n\t\t\t<div class=\"elementor-element elementor-element-ce289f3 e-flex e-con-boxed e-con e-parent\" data-id=\"ce289f3\" data-element_type=\"container\" data-e-type=\"container\" data-settings=\"{&quot;jet_parallax_layout_list&quot;:[]}\">\n\t\t\t\t\t<div class=\"e-con-inner\">\n\t\t<div class=\"elementor-element elementor-element-f45e20b e-con-full e-flex e-con e-child\" data-id=\"f45e20b\" data-element_type=\"container\" data-e-type=\"container\" data-settings=\"{&quot;background_background&quot;:&quot;classic&quot;,&quot;jet_parallax_layout_list&quot;:[]}\">\n\t\t\t\t<\/div>\n\t\t<div class=\"elementor-element elementor-element-77589a7 e-con-full e-flex e-con e-child\" data-id=\"77589a7\" data-element_type=\"container\" data-e-type=\"container\" data-settings=\"{&quot;jet_parallax_layout_list&quot;:[]}\">\n\t\t\t\t<div class=\"elementor-element elementor-element-e9c5185 elementor-widget elementor-widget-theme-post-title elementor-page-title elementor-widget-heading\" data-id=\"e9c5185\" data-element_type=\"widget\" data-e-type=\"widget\" data-widget_type=\"theme-post-title.default\">\n\t\t\t\t\t<h1 class=\"elementor-heading-title elementor-size-default\"><a href=\"https:\/\/www.smuzcafe.hu\/en\/smuz-mint-ceges-rendezvenyhelyszin-budapest-sziveben\/\">Sm\u00faz, mint c\u00e9ges rendezv\u00e9nyhelysz\u00edn Budapest sz\u00edv\u00e9ben<\/a><\/h1>\t\t\t\t<\/div>\n\t\t\t\t<div class=\"elementor-element elementor-element-7194d57 elementor-widget elementor-widget-theme-post-excerpt\" data-id=\"7194d57\" data-element_type=\"widget\" data-e-type=\"widget\" data-widget_type=\"theme-post-excerpt.default\">\n\t\t\t\t\t<p>Sm\u00faz, mint c\u00e9ges rendezv\u00e9nyhelysz\u00edn Budapest sz\u00edv\u00e9ben Neh\u00e9z olyan helysz\u00ednt tal\u00e1lni, amely nemcsak funkcion\u00e1lis, hanem lelke is van. Budapest tel\u00edtve van\t\t\t\t<\/div>\n\t\t\t\t<div class=\"elementor-element elementor-element-f50289d elementor-widget elementor-widget-button\" data-id=\"f50289d\" data-element_type=\"widget\" data-e-type=\"widget\" data-widget_type=\"button.default\">\n\t\t\t\t\t\t\t\t\t\t<a class=\"elementor-button elementor-button-link elementor-size-sm\" href=\"https:\/\/www.smuzcafe.hu\/en\/smuz-mint-ceges-rendezvenyhelyszin-budapest-sziveben\/\">\n\t\t\t\t\t\t<span class=\"elementor-button-content-wrapper\">\n\t\t\t\t\t\t\t\t\t<span class=\"elementor-button-text\">ELOLVASOM<\/span>\n\t\t\t\t\t<\/span>\n\t\t\t\t\t<\/a>\n\t\t\t\t\t\t\t\t<\/div>\n\t\t\t\t<\/div>\n\t\t\t\t\t<\/div>\n\t\t\t\t<\/div>\n\t\t\t\t<\/div>\n\t\t<style id=\"loop-dynamic-2488\">.e-loop-item-2753 .elementor-element.elementor-element-f45e20b:not(.elementor-motion-effects-element-type-background), .e-loop-item-2753 .elementor-element.elementor-element-f45e20b > .elementor-motion-effects-container > .elementor-motion-effects-layer{background-image:url(\"https:\/\/www.smuzcafe.hu\/wp-content\/uploads\/2026\/03\/hojicha-zold-tea-pexels-ali.webp\");}<\/style>\t\t<div data-elementor-type=\"loop-item\" data-elementor-id=\"2488\" class=\"elementor elementor-2488 e-loop-item e-loop-item-2753 post-2753 post type-post status-publish format-standard has-post-thumbnail hentry category-cikkek\" data-elementor-post-type=\"elementor_library\" data-custom-edit-handle=\"1\">\n\t\t\t<div class=\"elementor-element elementor-element-ce289f3 e-flex e-con-boxed e-con e-parent\" data-id=\"ce289f3\" data-element_type=\"container\" data-e-type=\"container\" data-settings=\"{&quot;jet_parallax_layout_list&quot;:[]}\">\n\t\t\t\t\t<div class=\"e-con-inner\">\n\t\t<div class=\"elementor-element elementor-element-f45e20b e-con-full e-flex e-con e-child\" data-id=\"f45e20b\" data-element_type=\"container\" data-e-type=\"container\" data-settings=\"{&quot;background_background&quot;:&quot;classic&quot;,&quot;jet_parallax_layout_list&quot;:[]}\">\n\t\t\t\t<\/div>\n\t\t<div class=\"elementor-element elementor-element-77589a7 e-con-full e-flex e-con e-child\" data-id=\"77589a7\" data-element_type=\"container\" data-e-type=\"container\" data-settings=\"{&quot;jet_parallax_layout_list&quot;:[]}\">\n\t\t\t\t<div class=\"elementor-element elementor-element-e9c5185 elementor-widget elementor-widget-theme-post-title elementor-page-title elementor-widget-heading\" data-id=\"e9c5185\" data-element_type=\"widget\" data-e-type=\"widget\" data-widget_type=\"theme-post-title.default\">\n\t\t\t\t\t<h1 class=\"elementor-heading-title elementor-size-default\"><a href=\"https:\/\/www.smuzcafe.hu\/en\/mi-az-a-hojicha-es-miben-masabb-mint-a-matcha\/\">Mi az a hojicha \u00e9s miben m\u00e1sabb, mint a matcha?<\/a><\/h1>\t\t\t\t<\/div>\n\t\t\t\t<div class=\"elementor-element elementor-element-7194d57 elementor-widget elementor-widget-theme-post-excerpt\" data-id=\"7194d57\" data-element_type=\"widget\" data-e-type=\"widget\" data-widget_type=\"theme-post-excerpt.default\">\n\t\t\t\t\t<p>Mi az a hojicha? A hojicha egy k\u00fcl\u00f6nleges jap\u00e1n z\u00f6ld tea, amely egyedi \u00edzvil\u00e1g\u00e1val \u00e9s alacsony koffeintartalm\u00e1val t\u0171nik ki a\t\t\t\t<\/div>\n\t\t\t\t<div class=\"elementor-element elementor-element-f50289d elementor-widget elementor-widget-button\" data-id=\"f50289d\" data-element_type=\"widget\" data-e-type=\"widget\" data-widget_type=\"button.default\">\n\t\t\t\t\t\t\t\t\t\t<a class=\"elementor-button elementor-button-link elementor-size-sm\" href=\"https:\/\/www.smuzcafe.hu\/en\/mi-az-a-hojicha-es-miben-masabb-mint-a-matcha\/\">\n\t\t\t\t\t\t<span class=\"elementor-button-content-wrapper\">\n\t\t\t\t\t\t\t\t\t<span class=\"elementor-button-text\">ELOLVASOM<\/span>\n\t\t\t\t\t<\/span>\n\t\t\t\t\t<\/a>\n\t\t\t\t\t\t\t\t<\/div>\n\t\t\t\t<\/div>\n\t\t\t\t\t<\/div>\n\t\t\t\t<\/div>\n\t\t\t\t<\/div>\n\t\t<style id=\"loop-dynamic-2488\">.e-loop-item-2656 .elementor-element.elementor-element-f45e20b:not(.elementor-motion-effects-element-type-background), .e-loop-item-2656 .elementor-element.elementor-element-f45e20b > .elementor-motion-effects-container > .elementor-motion-effects-layer{background-image:url(\"https:\/\/www.smuzcafe.hu\/wp-content\/uploads\/2026\/03\/randi-otletek-budapest.webp\");}<\/style>\t\t<div data-elementor-type=\"loop-item\" data-elementor-id=\"2488\" class=\"elementor elementor-2488 e-loop-item e-loop-item-2656 post-2656 post type-post status-publish format-standard has-post-thumbnail hentry category-cikkek\" data-elementor-post-type=\"elementor_library\" data-custom-edit-handle=\"1\">\n\t\t\t<div class=\"elementor-element elementor-element-ce289f3 e-flex e-con-boxed e-con e-parent\" data-id=\"ce289f3\" data-element_type=\"container\" data-e-type=\"container\" data-settings=\"{&quot;jet_parallax_layout_list&quot;:[]}\">\n\t\t\t\t\t<div class=\"e-con-inner\">\n\t\t<div class=\"elementor-element elementor-element-f45e20b e-con-full e-flex e-con e-child\" data-id=\"f45e20b\" data-element_type=\"container\" data-e-type=\"container\" data-settings=\"{&quot;background_background&quot;:&quot;classic&quot;,&quot;jet_parallax_layout_list&quot;:[]}\">\n\t\t\t\t<\/div>\n\t\t<div class=\"elementor-element elementor-element-77589a7 e-con-full e-flex e-con e-child\" data-id=\"77589a7\" data-element_type=\"container\" data-e-type=\"container\" data-settings=\"{&quot;jet_parallax_layout_list&quot;:[]}\">\n\t\t\t\t<div class=\"elementor-element elementor-element-e9c5185 elementor-widget elementor-widget-theme-post-title elementor-page-title elementor-widget-heading\" data-id=\"e9c5185\" data-element_type=\"widget\" data-e-type=\"widget\" data-widget_type=\"theme-post-title.default\">\n\t\t\t\t\t<h1 class=\"elementor-heading-title elementor-size-default\"><a href=\"https:\/\/www.smuzcafe.hu\/en\/41-legjobb-romantikus-randi-otletek-budapesten\/\">4+1 legjobb romantikus randi \u00f6tletek Budapesten<\/a><\/h1>\t\t\t\t<\/div>\n\t\t\t\t<div class=\"elementor-element elementor-element-7194d57 elementor-widget elementor-widget-theme-post-excerpt\" data-id=\"7194d57\" data-element_type=\"widget\" data-e-type=\"widget\" data-widget_type=\"theme-post-excerpt.default\">\n\t\t\t\t\t<p>Budapest tele van izgalmas tal\u00e1lkoz\u00e1si pontokkal, m\u00e9gis sokszor neh\u00e9z megtal\u00e1lni azokat a helyeket, melyek egyszerre romantikusak, k\u00fcl\u00f6nlegesek \u00e9s m\u00e9gis el\u00e9rhet\u0151k.\t\t\t\t<\/div>\n\t\t\t\t<div class=\"elementor-element elementor-element-f50289d elementor-widget elementor-widget-button\" data-id=\"f50289d\" data-element_type=\"widget\" data-e-type=\"widget\" data-widget_type=\"button.default\">\n\t\t\t\t\t\t\t\t\t\t<a class=\"elementor-button elementor-button-link elementor-size-sm\" href=\"https:\/\/www.smuzcafe.hu\/en\/41-legjobb-romantikus-randi-otletek-budapesten\/\">\n\t\t\t\t\t\t<span class=\"elementor-button-content-wrapper\">\n\t\t\t\t\t\t\t\t\t<span class=\"elementor-button-text\">ELOLVASOM<\/span>\n\t\t\t\t\t<\/span>\n\t\t\t\t\t<\/a>\n\t\t\t\t\t\t\t\t<\/div>\n\t\t\t\t<\/div>\n\t\t\t\t\t<\/div>\n\t\t\t\t<\/div>\n\t\t\t\t<\/div>\n\t\t<style id=\"loop-dynamic-2488\">.e-loop-item-2637 .elementor-element.elementor-element-f45e20b:not(.elementor-motion-effects-element-type-background), .e-loop-item-2637 .elementor-element.elementor-element-f45e20b > .elementor-motion-effects-container > .elementor-motion-effects-layer{background-image:url(\"https:\/\/www.smuzcafe.hu\/wp-content\/uploads\/2026\/02\/valentin-napi-programok-budapest.webp\");}<\/style>\t\t<div data-elementor-type=\"loop-item\" data-elementor-id=\"2488\" class=\"elementor elementor-2488 e-loop-item e-loop-item-2637 post-2637 post type-post status-publish format-standard has-post-thumbnail hentry category-cikkek\" data-elementor-post-type=\"elementor_library\" data-custom-edit-handle=\"1\">\n\t\t\t<div class=\"elementor-element elementor-element-ce289f3 e-flex e-con-boxed e-con e-parent\" data-id=\"ce289f3\" data-element_type=\"container\" data-e-type=\"container\" data-settings=\"{&quot;jet_parallax_layout_list&quot;:[]}\">\n\t\t\t\t\t<div class=\"e-con-inner\">\n\t\t<div class=\"elementor-element elementor-element-f45e20b e-con-full e-flex e-con e-child\" data-id=\"f45e20b\" data-element_type=\"container\" data-e-type=\"container\" data-settings=\"{&quot;background_background&quot;:&quot;classic&quot;,&quot;jet_parallax_layout_list&quot;:[]}\">\n\t\t\t\t<\/div>\n\t\t<div class=\"elementor-element elementor-element-77589a7 e-con-full e-flex e-con e-child\" data-id=\"77589a7\" data-element_type=\"container\" data-e-type=\"container\" data-settings=\"{&quot;jet_parallax_layout_list&quot;:[]}\">\n\t\t\t\t<div class=\"elementor-element elementor-element-e9c5185 elementor-widget elementor-widget-theme-post-title elementor-page-title elementor-widget-heading\" data-id=\"e9c5185\" data-element_type=\"widget\" data-e-type=\"widget\" data-widget_type=\"theme-post-title.default\">\n\t\t\t\t\t<h1 class=\"elementor-heading-title elementor-size-default\"><a href=\"https:\/\/www.smuzcafe.hu\/en\/valentin-napi-programok-budapesten-brunch-seta-workshop\/\">Valentin napi programok Budapesten &#8211; brunch, s\u00e9ta, workshop<\/a><\/h1>\t\t\t\t<\/div>\n\t\t\t\t<div class=\"elementor-element elementor-element-7194d57 elementor-widget elementor-widget-theme-post-excerpt\" data-id=\"7194d57\" data-element_type=\"widget\" data-e-type=\"widget\" data-widget_type=\"theme-post-excerpt.default\">\n\t\t\t\t\t<p>Ha az idei Valentin napi programok k\u00f6z\u00fcl valami igaz\u00e1n eml\u00e9kezeteset v\u00e1lasztan\u00e1l, ne gondold, hogy a romantika csak egy vacsor\u00e1b\u00f3l vagy\t\t\t\t<\/div>\n\t\t\t\t<div class=\"elementor-element elementor-element-f50289d elementor-widget elementor-widget-button\" data-id=\"f50289d\" data-element_type=\"widget\" data-e-type=\"widget\" data-widget_type=\"button.default\">\n\t\t\t\t\t\t\t\t\t\t<a class=\"elementor-button elementor-button-link elementor-size-sm\" href=\"https:\/\/www.smuzcafe.hu\/en\/valentin-napi-programok-budapesten-brunch-seta-workshop\/\">\n\t\t\t\t\t\t<span class=\"elementor-button-content-wrapper\">\n\t\t\t\t\t\t\t\t\t<span class=\"elementor-button-text\">ELOLVASOM<\/span>\n\t\t\t\t\t<\/span>\n\t\t\t\t\t<\/a>\n\t\t\t\t\t\t\t\t<\/div>\n\t\t\t\t<\/div>\n\t\t\t\t\t<\/div>\n\t\t\t\t<\/div>\n\t\t\t\t<\/div>\n\t\t\t\t<div data-elementor-type=\"loop-item\" data-elementor-id=\"2488\" class=\"elementor elementor-2488 e-loop-item e-loop-item-2601 post-2601 post type-post status-publish format-standard hentry category-cikkek\" data-elementor-post-type=\"elementor_library\" data-custom-edit-handle=\"1\">\n\t\t\t<div class=\"elementor-element elementor-element-ce289f3 e-flex e-con-boxed e-con e-parent\" data-id=\"ce289f3\" data-element_type=\"container\" data-e-type=\"container\" data-settings=\"{&quot;jet_parallax_layout_list&quot;:[]}\">\n\t\t\t\t\t<div class=\"e-con-inner\">\n\t\t<div class=\"elementor-element elementor-element-f45e20b e-con-full e-flex e-con e-child\" data-id=\"f45e20b\" data-element_type=\"container\" data-e-type=\"container\" data-settings=\"{&quot;background_background&quot;:&quot;classic&quot;,&quot;jet_parallax_layout_list&quot;:[]}\">\n\t\t\t\t<\/div>\n\t\t<div class=\"elementor-element elementor-element-77589a7 e-con-full e-flex e-con e-child\" data-id=\"77589a7\" data-element_type=\"container\" data-e-type=\"container\" data-settings=\"{&quot;jet_parallax_layout_list&quot;:[]}\">\n\t\t\t\t<div class=\"elementor-element elementor-element-e9c5185 elementor-widget elementor-widget-theme-post-title elementor-page-title elementor-widget-heading\" data-id=\"e9c5185\" data-element_type=\"widget\" data-e-type=\"widget\" data-widget_type=\"theme-post-title.default\">\n\t\t\t\t\t<h1 class=\"elementor-heading-title elementor-size-default\"><a href=\"https:\/\/www.smuzcafe.hu\/en\/31-budapesti-programok-a-parlament-es-a-smuz-kornyeken\/\">3+1 budapesti programok a Parlament \u00e9s a Sm\u00faz k\u00f6rny\u00e9k\u00e9n<\/a><\/h1>\t\t\t\t<\/div>\n\t\t\t\t<div class=\"elementor-element elementor-element-7194d57 elementor-widget elementor-widget-theme-post-excerpt\" data-id=\"7194d57\" data-element_type=\"widget\" data-e-type=\"widget\" data-widget_type=\"theme-post-excerpt.default\">\n\t\t\t\t\t<p>A budapesti Parlament k\u00f6rny\u00e9ke igazi gy\u00f6ngyszem a f\u0151v\u00e1ros sz\u00edv\u00e9ben, ahol a t\u00f6rt\u00e9nelem, kult\u00fara \u00e9s v\u00e1rosi \u00e9let tal\u00e1lkozik. A Duna-parti s\u00e9ta\t\t\t\t<\/div>\n\t\t\t\t<div class=\"elementor-element elementor-element-f50289d elementor-widget elementor-widget-button\" data-id=\"f50289d\" data-element_type=\"widget\" data-e-type=\"widget\" data-widget_type=\"button.default\">\n\t\t\t\t\t\t\t\t\t\t<a class=\"elementor-button elementor-button-link elementor-size-sm\" href=\"https:\/\/www.smuzcafe.hu\/en\/31-budapesti-programok-a-parlament-es-a-smuz-kornyeken\/\">\n\t\t\t\t\t\t<span class=\"elementor-button-content-wrapper\">\n\t\t\t\t\t\t\t\t\t<span class=\"elementor-button-text\">ELOLVASOM<\/span>\n\t\t\t\t\t<\/span>\n\t\t\t\t\t<\/a>\n\t\t\t\t\t\t\t\t<\/div>\n\t\t\t\t<\/div>\n\t\t\t\t\t<\/div>\n\t\t\t\t<\/div>\n\t\t\t\t<\/div>\n\t\t\t\t<\/div>\n\t\t\t\t\t<span class=\"e-load-more-spinner\">\n\t\t\t\t<svg aria-hidden=\"true\" class=\"e-font-icon-svg e-fas-spinner\" viewBox=\"0 0 512 512\" xmlns=\"http:\/\/www.w3.org\/2000\/svg\"><path d=\"M304 48c0 26.51-21.49 48-48 48s-48-21.49-48-48 21.49-48 48-48 48 21.49 48 48zm-48 368c-26.51 0-48 21.49-48 48s21.49 48 48 48 48-21.49 48-48-21.49-48-48-48zm208-208c-26.51 0-48 21.49-48 48s21.49 48 48 48 48-21.49 48-48-21.49-48-48-48zM96 256c0-26.51-21.49-48-48-48S0 229.49 0 256s21.49 48 48 48 48-21.49 48-48zm12.922 99.078c-26.51 0-48 21.49-48 48s21.49 48 48 48 48-21.49 48-48c0-26.509-21.491-48-48-48zm294.156 0c-26.51 0-48 21.49-48 48s21.49 48 48 48 48-21.49 48-48c0-26.509-21.49-48-48-48zM108.922 60.922c-26.51 0-48 21.49-48 48s21.49 48 48 48 48-21.49 48-48-21.491-48-48-48z\"><\/path><\/svg>\t\t\t<\/span>\n\t\t\n\t\t\t\t<div class=\"e-load-more-anchor\" data-page=\"1\" data-max-page=\"4\" data-next-page=\"https:\/\/www.smuzcafe.hu\/en\/wp-json\/wp\/v2\/pages\/335\/page\/2\/\"><\/div>\n\t\t\t\t<div class=\"e-load-more-message\">Nincsenek tov\u00e1bbi blog cikkek<\/div>\n\t\t\t\t\t\t<\/div>\n\t\t\t\t<\/div>\n\t\t\t\t\t<\/div>\n\t\t\t\t<\/div>\n\t\t\t\t<\/div>\n\t\t","protected":false},"excerpt":{"rendered":"","protected":false},"author":1,"featured_media":0,"parent":0,"menu_order":0,"comment_status":"closed","ping_status":"closed","template":"","meta":{"_acf_changed":false,"footnotes":""},"class_list":["post-335","page","type-page","status-publish","hentry"],"acf":[],"_links":{"self":[{"href":"https:\/\/www.smuzcafe.hu\/en\/wp-json\/wp\/v2\/pages\/335","targetHints":{"allow":["GET"]}}],"collection":[{"href":"https:\/\/www.smuzcafe.hu\/en\/wp-json\/wp\/v2\/pages"}],"about":[{"href":"https:\/\/www.smuzcafe.hu\/en\/wp-json\/wp\/v2\/types\/page"}],"author":[{"embeddable":true,"href":"https:\/\/www.smuzcafe.hu\/en\/wp-json\/wp\/v2\/users\/1"}],"replies":[{"embeddable":true,"href":"https:\/\/www.smuzcafe.hu\/en\/wp-json\/wp\/v2\/comments?post=335"}],"version-history":[{"count":16,"href":"https:\/\/www.smuzcafe.hu\/en\/wp-json\/wp\/v2\/pages\/335\/revisions"}],"predecessor-version":[{"id":2625,"href":"https:\/\/www.smuzcafe.hu\/en\/wp-json\/wp\/v2\/pages\/335\/revisions\/2625"}],"wp:attachment":[{"href":"https:\/\/www.smuzcafe.hu\/en\/wp-json\/wp\/v2\/media?parent=335"}],"curies":[{"name":"wp","href":"https:\/\/api.w.org\/{rel}","templated":true}]}}