{"id":324,"date":"2024-10-24T13:49:13","date_gmt":"2024-10-24T11:49:13","guid":{"rendered":"https:\/\/www.smuzcafe.hu\/?page_id=324"},"modified":"2026-04-28T18:40:53","modified_gmt":"2026-04-28T16:40:53","slug":"unsere-rolle","status":"publish","type":"page","link":"https:\/\/www.smuzcafe.hu\/de\/rolunk\/","title":{"rendered":"R\u00f3lunk"},"content":{"rendered":"<div data-elementor-type=\"wp-page\" data-elementor-id=\"324\" class=\"elementor elementor-324\" data-elementor-post-type=\"page\">\n\t\t\t\t\t\t<section class=\"elementor-section elementor-top-section elementor-element elementor-element-4fa56992 elementor-section-height-min-height elementor-section-boxed elementor-section-height-default elementor-section-items-middle\" data-id=\"4fa56992\" data-element_type=\"section\" data-e-type=\"section\" id=\"fel\" data-settings=\"{&quot;background_background&quot;:&quot;classic&quot;,&quot;jet_parallax_layout_list&quot;:[]}\">\n\t\t\t\t\t\t<div class=\"elementor-container elementor-column-gap-default\">\n\t\t\t\t\t<div class=\"elementor-column elementor-col-100 elementor-top-column elementor-element elementor-element-23c2b5ab\" data-id=\"23c2b5ab\" data-element_type=\"column\" data-e-type=\"column\" data-settings=\"{&quot;background_background&quot;:&quot;classic&quot;}\">\n\t\t\t<div class=\"elementor-widget-wrap elementor-element-populated\">\n\t\t\t\t\t\t<div class=\"elementor-element elementor-element-4ea683fa elementor-widget elementor-widget-heading\" data-id=\"4ea683fa\" data-element_type=\"widget\" data-e-type=\"widget\" data-widget_type=\"heading.default\">\n\t\t\t\t\t<h2 class=\"elementor-heading-title elementor-size-default\">\u00dcBER UNS<\/h2>\t\t\t\t<\/div>\n\t\t\t\t\t<\/div>\n\t\t<\/div>\n\t\t\t\t\t<\/div>\n\t\t<\/section>\n\t\t<div class=\"elementor-element elementor-element-4248bc6 e-flex e-con-boxed e-con e-parent\" data-id=\"4248bc6\" data-element_type=\"container\" data-e-type=\"container\" data-settings=\"{&quot;jet_parallax_layout_list&quot;:[]}\">\n\t\t\t\t\t<div class=\"e-con-inner\">\n\t\t\t\t<div class=\"elementor-element elementor-element-99e310c elementor-widget elementor-widget-heading\" data-id=\"99e310c\" data-element_type=\"widget\" data-e-type=\"widget\" data-widget_type=\"heading.default\">\n\t\t\t\t\t<h2 class=\"elementor-heading-title elementor-size-default\">Kulinarische Reise<\/h2>\t\t\t\t<\/div>\n\t\t\t\t<div class=\"elementor-element elementor-element-2204b39 elementor-widget__width-initial elementor-hidden-phone elementor-absolute elementor-widget elementor-widget-heading\" data-id=\"2204b39\" data-element_type=\"widget\" data-e-type=\"widget\" data-settings=\"{&quot;_position&quot;:&quot;absolute&quot;}\" data-widget_type=\"heading.default\">\n\t\t\t\t\t<span class=\"elementor-heading-title elementor-size-default\">SICHT<\/span>\t\t\t\t<\/div>\n\t\t\t\t\t<\/div>\n\t\t\t\t<\/div>\n\t\t\t\t<section class=\"elementor-section elementor-top-section elementor-element elementor-element-3ecf23e elementor-reverse-tablet elementor-reverse-mobile elementor-section-boxed elementor-section-height-default elementor-section-height-default\" data-id=\"3ecf23e\" data-element_type=\"section\" data-e-type=\"section\" data-settings=\"{&quot;jet_parallax_layout_list&quot;:[]}\">\n\t\t\t\t\t\t\t<div class=\"elementor-background-overlay\"><\/div>\n\t\t\t\t\t\t\t<div class=\"elementor-container elementor-column-gap-default\">\n\t\t\t\t\t<div class=\"elementor-column elementor-col-50 elementor-top-column elementor-element elementor-element-4ddc99a\" data-id=\"4ddc99a\" data-element_type=\"column\" data-e-type=\"column\" data-settings=\"{&quot;background_background&quot;:&quot;classic&quot;}\">\n\t\t\t<div class=\"elementor-widget-wrap elementor-element-populated\">\n\t\t\t\t\t<div class=\"elementor-background-overlay\"><\/div>\n\t\t\t\t\t\t<div class=\"elementor-element elementor-element-280415b elementor-widget elementor-widget-text-editor\" data-id=\"280415b\" data-element_type=\"widget\" data-e-type=\"widget\" data-widget_type=\"text-editor.default\">\n\t\t\t\t\t\t\t\t\t<p>Wir warten auf der Seite des Parlaments, neben der Donau., <br \/>mit Blick auf die Budaer Burg, mit einer wirklich gro\u00dfen Terrasse. <br \/>Das Haus selbst, ein ikonisches Geb\u00e4ude der Stadt mit seiner schlichten Eleganz, verpflichtet uns dazu, <br \/>Den Stil, der gleichzeitig Luxus und Entspannung, Qualit\u00e4t und eine entspannte Atmosph\u00e4re ausstrahlt, neu zu \u00fcberdenken und weiterzuentwickeln.<\/p><p>Im ehemaligen ber\u00fchmten Kaffeehaus\u00a0<br \/>aus den neunziger Jahren, die B\u00fcrger und K\u00fcnstler von Pest <br \/>Aus dieser Zeit entlehnten wir unseren Namen Sm\u00fazt, der damals f\u00fcr entspannte Gespr\u00e4che stand, denn wir wollten und wollen nichts sehnlicher, als einen Treffpunkt zu schaffen, an dem, <br \/>wo sich jeder bei einer Tasse Kaffee, einem Brunch oder einem Mittagessen wohlf\u00fchlt, sei es auf der belebten Terrasse oder mit Blick aus den Fenstern des Caf\u00e9s auf den sch\u00f6nen Platz.<\/p>\t\t\t\t\t\t\t\t<\/div>\n\t\t\t\t\t<\/div>\n\t\t<\/div>\n\t\t\t\t<div class=\"elementor-column elementor-col-50 elementor-top-column elementor-element elementor-element-e0c9e7d\" data-id=\"e0c9e7d\" data-element_type=\"column\" data-e-type=\"column\" data-settings=\"{&quot;background_background&quot;:&quot;classic&quot;}\">\n\t\t\t<div class=\"elementor-widget-wrap elementor-element-populated\">\n\t\t\t\t\t<div class=\"elementor-background-overlay\"><\/div>\n\t\t\t\t\t\t<section class=\"elementor-section elementor-inner-section elementor-element elementor-element-4235787 elementor-reverse-mobile elementor-section-boxed elementor-section-height-default elementor-section-height-default\" data-id=\"4235787\" data-element_type=\"section\" data-e-type=\"section\" data-settings=\"{&quot;background_background&quot;:&quot;classic&quot;,&quot;jet_parallax_layout_list&quot;:[]}\">\n\t\t\t\t\t\t<div class=\"elementor-container elementor-column-gap-default\">\n\t\t\t\t\t<div class=\"elementor-column elementor-col-100 elementor-inner-column elementor-element elementor-element-7086fe0\" data-id=\"7086fe0\" data-element_type=\"column\" data-e-type=\"column\" data-settings=\"{&quot;background_background&quot;:&quot;classic&quot;}\">\n\t\t\t<div class=\"elementor-widget-wrap elementor-element-populated\">\n\t\t\t\t\t<div class=\"elementor-background-overlay\"><\/div>\n\t\t\t\t\t\t<div class=\"elementor-element elementor-element-f7428cb elementor-widget elementor-widget-image\" data-id=\"f7428cb\" data-element_type=\"widget\" data-e-type=\"widget\" data-widget_type=\"image.default\">\n\t\t\t\t\t\t\t\t\t\t\t\t\t\t\t<img fetchpriority=\"high\" decoding=\"async\" width=\"2048\" height=\"2560\" src=\"https:\/\/www.smuzcafe.hu\/wp-content\/uploads\/2026\/04\/specialty_kave_budapest-scaled.webp\" class=\"elementor-animation-sink attachment-full size-full wp-image-2840\" alt=\"\" srcset=\"https:\/\/www.smuzcafe.hu\/wp-content\/uploads\/2026\/04\/specialty_kave_budapest-scaled.webp 2048w, https:\/\/www.smuzcafe.hu\/wp-content\/uploads\/2026\/04\/specialty_kave_budapest-560x700.webp 560w, https:\/\/www.smuzcafe.hu\/wp-content\/uploads\/2026\/04\/specialty_kave_budapest-819x1024.webp 819w, https:\/\/www.smuzcafe.hu\/wp-content\/uploads\/2026\/04\/specialty_kave_budapest-768x960.webp 768w, https:\/\/www.smuzcafe.hu\/wp-content\/uploads\/2026\/04\/specialty_kave_budapest-1229x1536.webp 1229w, https:\/\/www.smuzcafe.hu\/wp-content\/uploads\/2026\/04\/specialty_kave_budapest-1638x2048.webp 1638w, https:\/\/www.smuzcafe.hu\/wp-content\/uploads\/2026\/04\/specialty_kave_budapest-10x12.webp 10w\" sizes=\"(max-width: 2048px) 100vw, 2048px\" \/>\t\t\t\t\t\t\t\t\t\t\t\t\t\t\t<\/div>\n\t\t\t\t\t<\/div>\n\t\t<\/div>\n\t\t\t\t\t<\/div>\n\t\t<\/section>\n\t\t\t\t\t<\/div>\n\t\t<\/div>\n\t\t\t\t\t<\/div>\n\t\t<\/section>\n\t\t<div class=\"elementor-element elementor-element-3193a34 e-flex e-con-boxed e-con e-parent\" data-id=\"3193a34\" data-element_type=\"container\" data-e-type=\"container\" data-settings=\"{&quot;jet_parallax_layout_list&quot;:[]}\">\n\t\t\t\t\t<div class=\"e-con-inner\">\n\t\t<div class=\"elementor-element elementor-element-4e57a20 e-con-full e-flex e-con e-child\" data-id=\"4e57a20\" data-element_type=\"container\" data-e-type=\"container\" data-settings=\"{&quot;jet_parallax_layout_list&quot;:[]}\">\n\t\t\t\t<div class=\"elementor-element elementor-element-502ad5e elementor-widget__width-initial elementor-widget elementor-widget-text-editor\" data-id=\"502ad5e\" data-element_type=\"widget\" data-e-type=\"widget\" data-widget_type=\"text-editor.default\">\n\t\t\t\t\t\t\t\t\t<p class=\"s4\">\u00a0<\/p><p class=\"s4\">Bei uns gibt es keine Grenzen, Sie k\u00f6nnen alleine oder in einer gro\u00dfen Gruppe kommen, Sie k\u00f6nnen einen Hund, ein Fahrrad, eine Leinwand mitbringen, Sie k\u00f6nnen das bunte Treiben genie\u00dfen oder sich in eine ruhige Ecke zur\u00fcckziehen.<\/p><p class=\"s4\">Uns ist es egal, woher du kommst, woran du glaubst oder wen du liebst. Wir glauben daran, einander zu respektieren und jeden Augenblick des Lebens zu genie\u00dfen.<\/p>\t\t\t\t\t\t\t\t<\/div>\n\t\t\t\t<\/div>\n\t\t\t\t\t<\/div>\n\t\t\t\t<\/div>\n\t\t\t\t<section class=\"elementor-section elementor-top-section elementor-element elementor-element-1b62c7e0 elementor-reverse-tablet elementor-reverse-mobile elementor-section-boxed elementor-section-height-default elementor-section-height-default\" data-id=\"1b62c7e0\" data-element_type=\"section\" data-e-type=\"section\" data-settings=\"{&quot;jet_parallax_layout_list&quot;:[]}\">\n\t\t\t\t\t\t\t<div class=\"elementor-background-overlay\"><\/div>\n\t\t\t\t\t\t\t<div class=\"elementor-container elementor-column-gap-default\">\n\t\t\t\t\t<div class=\"elementor-column elementor-col-50 elementor-top-column elementor-element elementor-element-5434e5d5\" data-id=\"5434e5d5\" data-element_type=\"column\" data-e-type=\"column\">\n\t\t\t<div class=\"elementor-widget-wrap elementor-element-populated\">\n\t\t\t\t\t\t<section class=\"elementor-section elementor-inner-section elementor-element elementor-element-388b41d1 elementor-reverse-mobile elementor-section-boxed elementor-section-height-default elementor-section-height-default\" data-id=\"388b41d1\" data-element_type=\"section\" data-e-type=\"section\" data-settings=\"{&quot;background_background&quot;:&quot;classic&quot;,&quot;jet_parallax_layout_list&quot;:[]}\">\n\t\t\t\t\t\t<div class=\"elementor-container elementor-column-gap-default\">\n\t\t\t\t\t<div class=\"elementor-column elementor-col-50 elementor-inner-column elementor-element elementor-element-6dc98d6a\" data-id=\"6dc98d6a\" data-element_type=\"column\" data-e-type=\"column\">\n\t\t\t<div class=\"elementor-widget-wrap elementor-element-populated\">\n\t\t\t\t\t\t<div class=\"elementor-element elementor-element-3f2f9e22 elementor-widget elementor-widget-image\" data-id=\"3f2f9e22\" data-element_type=\"widget\" data-e-type=\"widget\" data-widget_type=\"image.default\">\n\t\t\t\t\t\t\t\t\t\t\t\t\t\t\t<img decoding=\"async\" width=\"2048\" height=\"2560\" src=\"https:\/\/www.smuzcafe.hu\/wp-content\/uploads\/2026\/04\/smuz_cafe_eggs_royal-scaled.webp\" class=\"elementor-animation-sink attachment-full size-full wp-image-2838\" alt=\"\" srcset=\"https:\/\/www.smuzcafe.hu\/wp-content\/uploads\/2026\/04\/smuz_cafe_eggs_royal-scaled.webp 2048w, https:\/\/www.smuzcafe.hu\/wp-content\/uploads\/2026\/04\/smuz_cafe_eggs_royal-560x700.webp 560w, https:\/\/www.smuzcafe.hu\/wp-content\/uploads\/2026\/04\/smuz_cafe_eggs_royal-819x1024.webp 819w, https:\/\/www.smuzcafe.hu\/wp-content\/uploads\/2026\/04\/smuz_cafe_eggs_royal-768x960.webp 768w, https:\/\/www.smuzcafe.hu\/wp-content\/uploads\/2026\/04\/smuz_cafe_eggs_royal-1229x1536.webp 1229w, https:\/\/www.smuzcafe.hu\/wp-content\/uploads\/2026\/04\/smuz_cafe_eggs_royal-1638x2048.webp 1638w, https:\/\/www.smuzcafe.hu\/wp-content\/uploads\/2026\/04\/smuz_cafe_eggs_royal-10x12.webp 10w\" sizes=\"(max-width: 2048px) 100vw, 2048px\" \/>\t\t\t\t\t\t\t\t\t\t\t\t\t\t\t<\/div>\n\t\t\t\t\t<\/div>\n\t\t<\/div>\n\t\t\t\t<div class=\"elementor-column elementor-col-50 elementor-inner-column elementor-element elementor-element-6807779d\" data-id=\"6807779d\" data-element_type=\"column\" data-e-type=\"column\">\n\t\t\t<div class=\"elementor-widget-wrap elementor-element-populated\">\n\t\t\t\t\t\t<div class=\"elementor-element elementor-element-46c88201 elementor-widget elementor-widget-image\" data-id=\"46c88201\" data-element_type=\"widget\" data-e-type=\"widget\" data-widget_type=\"image.default\">\n\t\t\t\t\t\t\t\t\t\t\t\t\t\t\t<img decoding=\"async\" width=\"2048\" height=\"2560\" src=\"https:\/\/www.smuzcafe.hu\/wp-content\/uploads\/2026\/04\/budapest_brunch_smuzcafe-scaled.webp\" class=\"elementor-animation-sink attachment-full size-full wp-image-2839\" alt=\"\" srcset=\"https:\/\/www.smuzcafe.hu\/wp-content\/uploads\/2026\/04\/budapest_brunch_smuzcafe-scaled.webp 2048w, https:\/\/www.smuzcafe.hu\/wp-content\/uploads\/2026\/04\/budapest_brunch_smuzcafe-560x700.webp 560w, https:\/\/www.smuzcafe.hu\/wp-content\/uploads\/2026\/04\/budapest_brunch_smuzcafe-819x1024.webp 819w, https:\/\/www.smuzcafe.hu\/wp-content\/uploads\/2026\/04\/budapest_brunch_smuzcafe-768x960.webp 768w, https:\/\/www.smuzcafe.hu\/wp-content\/uploads\/2026\/04\/budapest_brunch_smuzcafe-1229x1536.webp 1229w, https:\/\/www.smuzcafe.hu\/wp-content\/uploads\/2026\/04\/budapest_brunch_smuzcafe-1638x2048.webp 1638w, https:\/\/www.smuzcafe.hu\/wp-content\/uploads\/2026\/04\/budapest_brunch_smuzcafe-10x12.webp 10w\" sizes=\"(max-width: 2048px) 100vw, 2048px\" \/>\t\t\t\t\t\t\t\t\t\t\t\t\t\t\t<\/div>\n\t\t\t\t\t<\/div>\n\t\t<\/div>\n\t\t\t\t\t<\/div>\n\t\t<\/section>\n\t\t\t\t\t<\/div>\n\t\t<\/div>\n\t\t\t\t<div class=\"elementor-column elementor-col-50 elementor-top-column elementor-element elementor-element-7b6a7033\" data-id=\"7b6a7033\" data-element_type=\"column\" data-e-type=\"column\">\n\t\t\t<div class=\"elementor-widget-wrap elementor-element-populated\">\n\t\t\t\t\t\t<div class=\"elementor-element elementor-element-8592a49 elementor-widget__width-initial elementor-hidden-phone elementor-absolute elementor-widget elementor-widget-heading\" data-id=\"8592a49\" data-element_type=\"widget\" data-e-type=\"widget\" data-settings=\"{&quot;_position&quot;:&quot;absolute&quot;}\" data-widget_type=\"heading.default\">\n\t\t\t\t\t<span class=\"elementor-heading-title elementor-size-default\">STIMMUNG<\/span>\t\t\t\t<\/div>\n\t\t\t\t<div class=\"elementor-element elementor-element-6d257de6 elementor-widget elementor-widget-heading\" data-id=\"6d257de6\" data-element_type=\"widget\" data-e-type=\"widget\" data-widget_type=\"heading.default\">\n\t\t\t\t\t<h2 class=\"elementor-heading-title elementor-size-default\">Gr\u00fcn und nat\u00fcrlich<\/h2>\t\t\t\t<\/div>\n\t\t\t\t<div class=\"elementor-element elementor-element-7c517cab elementor-widget elementor-widget-text-editor\" data-id=\"7c517cab\" data-element_type=\"widget\" data-e-type=\"widget\" data-widget_type=\"text-editor.default\">\n\t\t\t\t\t\t\t\t\t<p>Wir erwarten Sie mit hell ger\u00f6steten Kaffees, Cocktails, Weinen, hausgemachten Kuchen, farbenfrohen Kaffeespezialit\u00e4ten, Fr\u00fchst\u00fcck, Brunch, Mittagessen und Abendveranstaltungen. Im Sm\u00faz laden wir Sie zu einer kulinarischen Reise ein: <br \/>Mit Eiern aus aller Welt. Denn der Smoothie ist gr\u00fcn, nat\u00fcrlich, seggsy!<span class=\"s5\">\u200b<\/span><\/p>\t\t\t\t\t\t\t\t<\/div>\n\t\t\t\t\t<\/div>\n\t\t<\/div>\n\t\t\t\t\t<\/div>\n\t\t<\/section>\n\t\t\t\t<section class=\"elementor-section elementor-top-section elementor-element elementor-element-7833b3ff elementor-section-boxed elementor-section-height-default elementor-section-height-default\" data-id=\"7833b3ff\" data-element_type=\"section\" data-e-type=\"section\" data-settings=\"{&quot;jet_parallax_layout_list&quot;:[]}\">\n\t\t\t\t\t\t\t<div class=\"elementor-background-overlay\"><\/div>\n\t\t\t\t\t\t\t<div class=\"elementor-container elementor-column-gap-default\">\n\t\t\t\t\t<div class=\"elementor-column elementor-col-100 elementor-top-column elementor-element elementor-element-54f276e8\" data-id=\"54f276e8\" data-element_type=\"column\" data-e-type=\"column\">\n\t\t\t<div class=\"elementor-widget-wrap elementor-element-populated\">\n\t\t\t\t\t\t<div class=\"elementor-element elementor-element-3c054ef1 elementor-widget elementor-widget-heading\" data-id=\"3c054ef1\" data-element_type=\"widget\" data-e-type=\"widget\" data-widget_type=\"heading.default\">\n\t\t\t\t\t<h2 class=\"elementor-heading-title elementor-size-default\">Wo Sie m\u00f6glicherweise von uns geh\u00f6rt haben<\/h2>\t\t\t\t<\/div>\n\t\t\t\t<div class=\"elementor-element elementor-element-4dc79e5 elementor-widget elementor-widget-jet-posts\" data-id=\"4dc79e5\" data-element_type=\"widget\" data-e-type=\"widget\" data-settings=\"{&quot;columns_tablet&quot;:&quot;2&quot;,&quot;columns_mobile&quot;:&quot;1&quot;,&quot;columns&quot;:&quot;3&quot;,&quot;slides_to_scroll&quot;:&quot;1&quot;}\" data-widget_type=\"jet-posts.default\">\n\t\t\t\t<div class=\"elementor-widget-container\">\n\t\t\t\t\t<div class=\"elementor-jet-posts jet-elements\"><div class=\"jet-posts col-row  jet-equal-cols\"><div class=\"jet-posts__item\">\n\t<div class=\"jet-posts__inner-box\"><div class=\"post-thumbnail\"><a href=\"https:\/\/www.smuzcafe.hu\/de\/die-achte-fintech-messe\/\" class=\"post-thumbnail__link\"><img loading=\"lazy\" decoding=\"async\" class=\"post-thumbnail__img wp-post-image\" src=\"https:\/\/www.smuzcafe.hu\/wp-content\/uploads\/2024\/11\/smuz-fintechzone-cikk.webp\" alt=\"Die achte FinTechShow\" width=\"1280\" height=\"720\"><\/a><\/div><div class=\"jet-posts__inner-content\"><h4 class=\"entry-title\"><a href=\"https:\/\/www.smuzcafe.hu\/de\/die-achte-fintech-messe\/\" target=\"\">Die achte FinTechShow<\/a><\/h4><div class=\"post-meta\"><span class=\"post__date post-meta__item\"><a href=\"https:\/\/www.smuzcafe.hu\/de\/2024\/11\/06\/\"  class=\"post__date-link\" ><time datetime=\"2024-11-06T21:44:35+01:00\" title=\"2024-11-06T21:44:35+01:00\">2024.11.06.<\/time><\/a><\/span><\/div><div class=\"entry-excerpt\">Die Rubrik \u201eFintech-L\u00f6sungen von der Stange f\u00fcr den Mittelstand\u201d der achten FinTechShow startete mit einem Sonderformat. Bal\u00e1zs \u00c1ngy\u00e1n, CEO von Sz\u00e1ml\u00e1zz.hu, und L\u00e1szl\u00f3 M\u00fcller, CEO von\u2026<\/div><div class=\"jet-more-wrap\"><a href=\"https:\/\/www.smuzcafe.hu\/de\/die-achte-fintech-messe\/\" class=\"btn btn-primary elementor-button elementor-size-md jet-more\" target=\"\"><span class=\"btn__text\">Ich habe gelesen<\/span><\/a><\/div><\/div><\/div>\n<\/div>\n<div class=\"jet-posts__item\">\n\t<div class=\"jet-posts__inner-box\"><div class=\"post-thumbnail\"><a href=\"https:\/\/www.smuzcafe.hu\/de\/der-artikel-we-love-budapest-stellt-das-smuz-cafe-vor\/\" class=\"post-thumbnail__link\"><img loading=\"lazy\" decoding=\"async\" class=\"post-thumbnail__img wp-post-image\" src=\"https:\/\/www.smuzcafe.hu\/wp-content\/uploads\/2024\/10\/smuz-cafe-we-love-budapest-cikk.webp\" alt=\"Der Artikel \u201eWe Love Budapest\u201c stellt das Sm\u00faz Caf\u00e9 vor.\" width=\"1280\" height=\"720\"><\/a><\/div><div class=\"jet-posts__inner-content\"><h4 class=\"entry-title\"><a href=\"https:\/\/www.smuzcafe.hu\/de\/der-artikel-we-love-budapest-stellt-das-smuz-cafe-vor\/\" target=\"\">Der Artikel \u201eWe Love Budapest\u201c stellt das Sm\u00faz Caf\u00e9 vor.<\/a><\/h4><div class=\"post-meta\"><span class=\"post__date post-meta__item\"><a href=\"https:\/\/www.smuzcafe.hu\/de\/2024\/10\/28\/\"  class=\"post__date-link\" ><time datetime=\"2024-10-28T14:06:49+01:00\" title=\"2024-10-28T14:06:49+01:00\">2024.10.28.<\/time><\/a><\/span><\/div><div class=\"entry-excerpt\">Der Artikel von We Love Budapest stellt das Sm\u00faz Caf\u00e9 vor, ein Caf\u00e9 mit Brunch- und Cocktailbar im Herzen von Budapest,\u2026<\/div><div class=\"jet-more-wrap\"><a href=\"https:\/\/www.smuzcafe.hu\/de\/der-artikel-we-love-budapest-stellt-das-smuz-cafe-vor\/\" class=\"btn btn-primary elementor-button elementor-size-md jet-more\" target=\"\"><span class=\"btn__text\">Ich habe gelesen<\/span><\/a><\/div><\/div><\/div>\n<\/div>\n<div class=\"jet-posts__item\">\n\t<div class=\"jet-posts__inner-box\"><div class=\"post-thumbnail\"><a href=\"https:\/\/www.smuzcafe.hu\/de\/musik-in-forbes\/\" class=\"post-thumbnail__link\"><img loading=\"lazy\" decoding=\"async\" class=\"post-thumbnail__img wp-post-image\" src=\"https:\/\/www.smuzcafe.hu\/wp-content\/uploads\/2024\/10\/smuz-cafe-budapest-forbes-1.webp\" alt=\"Smoothie in Forbes\" width=\"1280\" height=\"720\"><\/a><\/div><div class=\"jet-posts__inner-content\"><h4 class=\"entry-title\"><a href=\"https:\/\/www.smuzcafe.hu\/de\/musik-in-forbes\/\" target=\"\">Smoothie in Forbes<\/a><\/h4><div class=\"post-meta\"><span class=\"post__date post-meta__item\"><a href=\"https:\/\/www.smuzcafe.hu\/de\/2024\/10\/28\/\"  class=\"post__date-link\" ><time datetime=\"2024-10-28T10:47:40+01:00\" title=\"Datenschutzerkl\u00e4rung \u2013 Sm\u00faz Caf\u00e9 Budapest\">2024.10.28.<\/time><\/a><\/span><\/div><div class=\"entry-excerpt\">Bleiben Sie dran und lesen Sie den Artikel \u00fcber uns. Er erz\u00e4hlt die Geschichte des Sm\u00faz Caf\u00e9! Erfahren Sie mehr\u2026<\/div><div class=\"jet-more-wrap\"><a href=\"https:\/\/www.smuzcafe.hu\/de\/musik-in-forbes\/\" class=\"btn btn-primary elementor-button elementor-size-md jet-more\" target=\"\"><span class=\"btn__text\">Ich habe gelesen<\/span><\/a><\/div><\/div><\/div>\n<\/div>\n<\/div>\n<\/div>\t\t\t\t<\/div>\n\t\t\t\t<\/div>\n\t\t\t\t\t<\/div>\n\t\t<\/div>\n\t\t\t\t\t<\/div>\n\t\t<\/section>\n\t\t\t\t<\/div>","protected":false},"excerpt":{"rendered":"<p>R\u00d3LUNK Gasztron\u00f3miai utaz\u00e1s VIEW A Parlament oldal\u00e1ban v\u00e1runk, a Duna mellett, kil\u00e1t\u00e1ssal a Budai v\u00e1rra, egy igaz\u00e1n nagy terasszal. M\u00e1r maga a h\u00e1z, amely sallangmentes eleganci\u00e1j\u00e1val a v\u00e1ros ikonikus \u00e9p\u00fclete, minket is k\u00f6telez, hogy \u00fajragondolva tov\u00e1bb vigy\u00fck azt a st\u00edlust, amely egyszerre sug\u00e1rozza a luxust \u00e9s a lazas\u00e1got, a min\u0151s\u00e9get \u00e9s az oldott hangulatot. Az [&hellip;]<\/p>\n","protected":false},"author":1,"featured_media":0,"parent":0,"menu_order":0,"comment_status":"closed","ping_status":"closed","template":"","meta":{"_acf_changed":false,"footnotes":""},"class_list":["post-324","page","type-page","status-publish","hentry"],"acf":[],"_links":{"self":[{"href":"https:\/\/www.smuzcafe.hu\/de\/wp-json\/wp\/v2\/pages\/324","targetHints":{"allow":["GET"]}}],"collection":[{"href":"https:\/\/www.smuzcafe.hu\/de\/wp-json\/wp\/v2\/pages"}],"about":[{"href":"https:\/\/www.smuzcafe.hu\/de\/wp-json\/wp\/v2\/types\/page"}],"author":[{"embeddable":true,"href":"https:\/\/www.smuzcafe.hu\/de\/wp-json\/wp\/v2\/users\/1"}],"replies":[{"embeddable":true,"href":"https:\/\/www.smuzcafe.hu\/de\/wp-json\/wp\/v2\/comments?post=324"}],"version-history":[{"count":6,"href":"https:\/\/www.smuzcafe.hu\/de\/wp-json\/wp\/v2\/pages\/324\/revisions"}],"predecessor-version":[{"id":2843,"href":"https:\/\/www.smuzcafe.hu\/de\/wp-json\/wp\/v2\/pages\/324\/revisions\/2843"}],"wp:attachment":[{"href":"https:\/\/www.smuzcafe.hu\/de\/wp-json\/wp\/v2\/media?parent=324"}],"curies":[{"name":"wp","href":"https:\/\/api.w.org\/{rel}","templated":true}]}}