{"id":1337,"date":"2024-11-07T11:46:07","date_gmt":"2024-11-07T10:46:07","guid":{"rendered":"https:\/\/www.smuzcafe.hu\/?page_id=1337"},"modified":"2025-01-24T13:51:33","modified_gmt":"2025-01-24T12:51:33","slug":"datenschutzinformationen","status":"publish","type":"page","link":"https:\/\/www.smuzcafe.hu\/de\/adatvedelmi-tajekoztato\/","title":{"rendered":"Datenschutzrichtlinie"},"content":{"rendered":"<div data-elementor-type=\"wp-page\" data-elementor-id=\"1337\" class=\"elementor elementor-1337\" data-elementor-post-type=\"page\">\n\t\t\t\t\t\t<section class=\"elementor-section elementor-top-section elementor-element elementor-element-45b6f814 elementor-section-boxed elementor-section-height-default elementor-section-height-default\" data-id=\"45b6f814\" data-element_type=\"section\" data-e-type=\"section\" data-settings=\"{&quot;background_background&quot;:&quot;classic&quot;,&quot;jet_parallax_layout_list&quot;:[]}\">\n\t\t\t\t\t\t<div class=\"elementor-container elementor-column-gap-default\">\n\t\t\t\t\t<div class=\"elementor-column elementor-col-100 elementor-top-column elementor-element elementor-element-9a5960a\" data-id=\"9a5960a\" data-element_type=\"column\" data-e-type=\"column\">\n\t\t\t<div class=\"elementor-widget-wrap elementor-element-populated\">\n\t\t\t\t\t\t<div class=\"elementor-element elementor-element-11d29d12 elementor-widget elementor-widget-heading\" data-id=\"11d29d12\" data-element_type=\"widget\" data-e-type=\"widget\" data-widget_type=\"heading.default\">\n\t\t\t\t\t<h1 class=\"elementor-heading-title elementor-size-default\">Datenschutzrichtlinie<\/h1>\t\t\t\t<\/div>\n\t\t\t\t\t<\/div>\n\t\t<\/div>\n\t\t\t\t\t<\/div>\n\t\t<\/section>\n\t\t\t\t<section class=\"elementor-section elementor-top-section elementor-element elementor-element-37c39434 elementor-section-boxed elementor-section-height-default elementor-section-height-default\" data-id=\"37c39434\" data-element_type=\"section\" data-e-type=\"section\" data-settings=\"{&quot;jet_parallax_layout_list&quot;:[]}\">\n\t\t\t\t\t\t<div class=\"elementor-container elementor-column-gap-default\">\n\t\t\t\t\t<div class=\"elementor-column elementor-col-100 elementor-top-column elementor-element elementor-element-6b380a8\" data-id=\"6b380a8\" data-element_type=\"column\" data-e-type=\"column\">\n\t\t\t<div class=\"elementor-widget-wrap elementor-element-populated\">\n\t\t\t\t\t\t<div class=\"elementor-element elementor-element-704e7435 elementor-widget elementor-widget-text-editor\" data-id=\"704e7435\" data-element_type=\"widget\" data-e-type=\"widget\" data-widget_type=\"text-editor.default\">\n\t\t\t\t\t\t\t\t\t<p>In dieser Datenschutzerkl\u00e4rung informieren wir Sie als Besucher unserer Website und Nutzer unserer Dienste \u00fcber die Datenverwaltungs- und Datenschutzbestimmungen unseres Unternehmens.<\/p><p><b>1. Welchen Grunds\u00e4tzen folgen wir bei unserem Datenmanagement?<\/b><\/p><p>Unser Unternehmen befolgt bei der Datenverarbeitung folgende Grunds\u00e4tze:<\/p><ul><li>Wir verarbeiten Ihre personenbezogenen Daten rechtm\u00e4\u00dfig, fair und transparent.<\/li><li>Wir erheben personenbezogene Daten nur f\u00fcr festgelegte, eindeutige und legitime Zwecke und verarbeiten sie nicht auf eine Weise, die mit diesen Zwecken unvereinbar ist.<\/li><li>Die von uns erhobenen und verarbeiteten personenbezogenen Daten sind f\u00fcr die Zwecke der Datenverarbeitung angemessen und relevant und beschr\u00e4nken sich auf das Notwendige.<\/li><li>Unser Unternehmen unternimmt alle angemessenen Schritte, um sicherzustellen, dass die von uns verarbeiteten Daten korrekt und, falls erforderlich, aktuell sind, und wir werden unrichtige personenbezogene Daten unverz\u00fcglich l\u00f6schen oder berichtigen.<\/li><li>Wir speichern personenbezogene Daten in einer Form, die Ihre Identifizierung nur so lange erm\u00f6glicht, wie es zur Erreichung der Zwecke, f\u00fcr die die personenbezogenen Daten verarbeitet werden, erforderlich ist.<\/li><li>Wir gew\u00e4hrleisten die angemessene Sicherheit personenbezogener Daten vor unbefugter oder unrechtm\u00e4\u00dfiger Verarbeitung, versehentlichem Verlust, Zerst\u00f6rung oder Besch\u00e4digung durch die Anwendung geeigneter technischer und organisatorischer Ma\u00dfnahmen.<\/li><li>Unser Unternehmen verarbeitet Ihre personenbezogenen Daten<\/li><li>Wir verarbeiten Ihre Daten, d. h. wir erheben, speichern, organisieren und nutzen sie auf Grundlage Ihrer vorherigen informierten und freiwilligen Einwilligung und nur in dem erforderlichen Umfang und in jedem Fall zu einem bestimmten Zweck.<\/li><li>In einigen F\u00e4llen ist die Verarbeitung Ihrer Daten aufgrund gesetzlicher Vorgaben zwingend erforderlich; in solchen F\u00e4llen weisen wir Sie ausdr\u00fccklich darauf hin.<\/li><li>oder in bestimmten F\u00e4llen hat unser Unternehmen oder ein Dritter ein berechtigtes Interesse an der Verarbeitung Ihrer personenbezogenen Daten, beispielsweise im Zusammenhang mit dem Betrieb, der Entwicklung und der Sicherheit unserer Website.<\/li><\/ul><p><b>2. Wer sind wir?<\/b><\/p><p>Name der Firma: <br \/>Smuz Ltd.<br \/>Hauptsitz: 1055 Budapest Kossuth-Lajos-Platz 18.<br \/>Webseite: smuzcafe.hu<br \/>Postanschrift: 1055 Budapest Kossuth-Lajos-Platz 18.<br \/>E-Mail-Adresse: smuz@smuzcafe.hu<br \/>Steuernummer: <br \/>25092309-2-41<br \/>Firmenregistrierungsnummer: 01 09 199292<\/p><p>Unser Unternehmen ist nicht verpflichtet, gem\u00e4\u00df Artikel 37 der DSGVO einen Datenschutzbeauftragten zu ernennen.<\/p><p><b>Der Hosting-Anbieter unseres Unternehmens:<\/b><\/p><p>Name des Hosting-Anbieters: Integrity Kft.<\/p><p>Hauptsitz des Hosting-Anbieters: 8000 Sz\u00e9kesfeh\u00e9rv\u00e1r, Gyetvai u 6.<\/p><p>Unser Unternehmen nutzt bei der Datenverarbeitung die folgenden Datenverarbeiter, um unseren Kunden einen qualitativ hochwertigen Service bieten zu k\u00f6nnen:<\/p><p>Datenverantwortlicher (1): Sm\u00faz Ltd.<\/p><p>Adresse (1): 1055 Budapest Kossuth pl\u00e1t 18.<\/p><p>Verantwortlichkeiten (1): Alle Aktivit\u00e4ten<\/p><p>Wenn wir den Umfang unserer Datenverarbeiter \u00e4ndern, werden wir die \u00c4nderungen in diese Datenschutzerkl\u00e4rung aufnehmen.<\/p><p><b>Die von uns verarbeiteten Daten:<span class=\"Apple-converted-space\">\u00a0<\/span><\/b><b><\/b><\/p><p>Wir fragen unsere Website-Besucher nur dann nach pers\u00f6nlichen Daten, wenn sie sich registrieren, anmelden oder an einem Gewinnspiel teilnehmen m\u00f6chten.<\/p><p>Wir k\u00f6nnen personenbezogene Daten, die im Zusammenhang mit der Registrierung oder der Nutzung unserer Marketingdienste angegeben werden, nicht verkn\u00fcpfen, und es ist auch nicht unser Ziel, unsere Besucher zu identifizieren.<\/p><p>Bei Fragen zur Datenverarbeitung wenden Sie sich bitte an: <b>email@domained.hu<\/b> Weitere Informationen k\u00f6nnen Sie per E-Mail oder Post anfordern. Wir werden Ihnen innerhalb von 15 Tagen (jedoch nicht l\u00e4nger als 1 Monat) an die von Ihnen angegebenen Kontaktdaten antworten.<\/p><p><b>3. Was sind Cookies und wie verwalten wir sie?<\/b><\/p><p>Cookies sind kleine Datendateien (im Folgenden \u201eCookies\u201d genannt), die beim Besuch einer Website auf Ihren Computer \u00fcbertragen und von Ihrem Internetbrowser gespeichert werden. Die meisten g\u00e4ngigen Internetbrowser (Chrome, Firefox usw.) erlauben das Herunterladen und Verwenden von Cookies standardm\u00e4\u00dfig. Sie k\u00f6nnen dies jedoch in Ihren Browsereinstellungen \u00e4ndern und bereits gespeicherte Cookies l\u00f6schen. Weitere Informationen zur Verwendung von Cookies finden Sie in der Hilfe Ihres Browsers.<\/p><p>Es gibt Cookies, die keiner vorherigen Zustimmung bed\u00fcrfen. Unsere Website informiert Sie bei Ihrem ersten Besuch kurz \u00fcber diese Cookies, z. B. f\u00fcr die Authentifizierung, den Multimedia-Player, den Load Balancer, Session-Cookies zur Personalisierung der Benutzeroberfl\u00e4che und benutzerzentrierte Sicherheits-Cookies.<\/p><p>Unser Unternehmen wird Sie zu Beginn Ihres ersten Besuchs \u00fcber Cookies informieren, die eine Einwilligung erfordern, falls die Datenverarbeitung beim Besuch der Website beginnt, und wir werden Sie um Ihre Einwilligung bitten.<\/p><p>Unser Unternehmen verwendet keine Cookies und erlaubt auch keine, die es Dritten erm\u00f6glichen, ohne Ihre Zustimmung Daten zu sammeln.<\/p><p>Die Annahme von Cookies ist nicht zwingend erforderlich. Unser Unternehmen \u00fcbernimmt jedoch keine Verantwortung, falls unsere Website nicht wie erwartet funktioniert, wenn Cookies nicht zugelassen sind.<\/p><p><b>Welche Cookies verwenden wir?<\/b><\/p><p><b>Name<\/b>: _ga<br \/><b>Dienstleister<\/b>domained.hu<br \/><b>Zweck<\/b>: Registriert eine eindeutige Kennung, die statistische Daten dar\u00fcber generiert, wie der Besucher die Website nutzt.<br \/><b>Ablauf<\/b>2 Jahre<br \/><b>Typ<\/b>: HTTP<\/p><p><b>Name<\/b>: _gat<br \/><b>Dienstanbieter: <\/b>yourdomain.hu<br \/><b>Zweck<\/b>Speichert das von Google Analytics verwendete Drosselungsanforderungsverh\u00e4ltnis.<br \/><b>Ablauf<\/b>Arbeitsablauf<br \/><b>Typ<\/b>: HTTP<\/p><p><b>Name<\/b>: _gid<br \/><b>Dienstanbieter: <\/b>yourdomain.hu<br \/><b>Zweck<\/b>: Registriert eine eindeutige Kennung, die statistische Daten dar\u00fcber generiert, wie der Besucher die Website nutzt. <br \/><b>Ablauf<\/b>Arbeitsablauf<br \/><b>Typ<\/b>: HTTP<\/p><p><b>Name<\/b>: _fbp<br \/><b>Dienstanbieter: <\/b>yourdomain.hu<br \/><b>Zweck<\/b>Wird von Facebook verwendet, um Werbeprodukte f\u00fcr Dritte bereitzustellen (z. B. Echtzeitanzeigen).<br \/><b>Ablauf<\/b>: 3 Monate<br \/><b>Typ<\/b>: HTTP<\/p><p><b>Name<\/b>: fr<br \/><b>Dienstanbieter: <\/b>facebook.com<br \/><b>Zweck<\/b>Facebook verwendet diesen Cookie, um eine Reihe von Werbeprodukten anzubieten (z. B. Echtzeitgebote von Drittanbietern).<br \/><b>Ablauf<\/b>: 3 Monate<br \/><b>Typ<\/b>: HTTP<\/p><p>Mehr Informationen zu Cookies von Drittanbietern finden Sie hier. <a href=\"https:\/\/policies.google.com\/technologies\/cookies?hl=hu#types-of-cookies\" target=\"_blank\" rel=\"noopener\">auf dieser Seite<\/a> Du kannst lesen.<\/p><p><b>4. Was m\u00fcssen Sie sonst noch \u00fcber unsere Datenverarbeitung im Zusammenhang mit unserer Website wissen?<\/b><\/p><p>Sie \u00fcbermitteln uns Ihre personenbezogenen Daten freiwillig bei der Registrierung oder Kontaktaufnahme mit unserem Unternehmen. Daher bitten wir Sie, stets auf die Richtigkeit und Vollst\u00e4ndigkeit Ihrer Angaben zu achten, da Sie daf\u00fcr verantwortlich sind. Falsche, ungenaue oder unvollst\u00e4ndige Daten k\u00f6nnen die Nutzung unserer Dienste verhindern.<\/p><p>Wenn Sie personenbezogene Daten einer anderen Person als Ihrer eigenen angeben, gehen wir davon aus, dass Sie \u00fcber die erforderliche Berechtigung hierzu verf\u00fcgen.<\/p><p>Sie k\u00f6nnen Ihre Einwilligung zur Datenverarbeitung jederzeit kostenlos widerrufen.<\/p><ul><li>durch L\u00f6schen der Registrierung,<\/li><li>durch Widerruf der Einwilligung zur Datenverarbeitung,<\/li><li>durch Widerruf der Einwilligung zur Verarbeitung oder Nutzung von Daten, die bei der Registrierung anzugeben sind, oder durch Beantragung ihrer Sperrung.<\/li><\/ul><p>Registrierung des Widerrufs der Einwilligung \u2013 aus technischen Gr\u00fcnden <b>30 Tage<\/b> Wir verpflichten uns, dies innerhalb einer bestimmten Frist zu tun. Wir weisen jedoch darauf hin, dass wir bestimmte Daten auch nach dem Widerruf der Einwilligung verarbeiten k\u00f6nnen, um unserer rechtlichen Verpflichtung nachzukommen oder unsere berechtigten Interessen geltend zu machen.<\/p><p>Im Falle der Verwendung irref\u00fchrender personenbezogener Daten oder falls einer unserer Besucher eine Straftat begeht oder das System unseres Unternehmens angreift, werden wir die Daten des betreffenden Besuchers nach Beendigung seiner Registrierung unverz\u00fcglich l\u00f6schen oder \u2013 falls erforderlich \u2013 sie f\u00fcr die Dauer der Feststellung der zivilrechtlichen Haftung oder der Durchf\u00fchrung eines Strafverfahrens aufbewahren.<\/p><p><b>5. Was m\u00fcssen Sie \u00fcber unsere Datenverarbeitung f\u00fcr Direktmarketing- und Newsletter-Zwecke wissen?<\/b><\/p><p>Sie k\u00f6nnen uns Ihre Einwilligung zur Nutzung Ihrer personenbezogenen Daten f\u00fcr Marketingzwecke erteilen, indem Sie diese bei der Registrierung oder sp\u00e4ter durch \u00c4nderung Ihrer auf der Anmeldeoberfl\u00e4che f\u00fcr Newsletter und\/oder Direktmarketing gespeicherten personenbezogenen Daten angeben (d. h. indem Sie Ihre Einwilligungsabsicht klar zum Ausdruck bringen). In diesem Fall verarbeiten wir Ihre Daten ebenfalls f\u00fcr Direktmarketing- und\/oder Newsletter-Zwecke und senden Ihnen Werbung, andere Mailings, Informationen, Angebote und\/oder Newsletter (Art. 6 des ungarischen Datenschutzgesetzes), bis Sie Ihre Einwilligung widerrufen.<\/p><p>Sie k\u00f6nnen Ihre Einwilligung zur Direktwerbung und zum Newsletter gemeinsam oder getrennt erteilen und diese jederzeit kostenlos widerrufen.<\/p><p>In jedem Fall gilt die Abmeldung von der Registrierung als Widerruf der Einwilligung. Wir interpretieren den Widerruf der Einwilligung zur Datenverarbeitung f\u00fcr Direktmarketing- und\/oder Newsletter-Zwecke nicht als Widerruf der Einwilligung zur Datenverarbeitung im Zusammenhang mit unserer Website. Wie ist das m\u00f6glich? Welche Daten speichern wir und auf welcher Grundlage, wenn die Einwilligung zum Newsletter widerrufen wurde? Jede Einwilligung gilt einem bestimmten Zweck. Die Anmeldung f\u00fcr morgen und die Newsletter-Anmeldung sind daher zwei separate Zwecke und werden in zwei separaten Datenbanken gespeichert. Diese beiden Daten k\u00f6nnen nicht miteinander verkn\u00fcpft werden.<\/p><p>Registrierung des Widerrufs oder der Aufhebung einzelner Einwilligungen \u2013 aus technischen Gr\u00fcnden <b>15 Tage alt<\/b> Wir verpflichten uns zu einer Einhaltung einer Frist.<\/p><p><b>6. Was sollten Sie \u00fcber Gewinnspiele wissen?<\/b><\/p><p>Unser Unternehmen kann im Rahmen von Aktionen Gewinnspiele veranstalten, deren genaue Bedingungen in separaten Teilnahmebedingungen festgelegt sind. Die Teilnahmebedingungen der aktuellen Aktion finden Sie stets auf der Startseite unserer Website \u00fcber einen zentralen Link.<\/p><p><b>7. Weitere Probleme bei der Datenverarbeitung<\/b><\/p><p>Wir \u00fcbermitteln Ihre Daten nur im gesetzlich vorgeschriebenen Rahmen. Im Falle unserer Datenverarbeiter stellen wir durch vertragliche Vereinbarungen sicher, dass diese Ihre personenbezogenen Daten nicht f\u00fcr Zwecke verwenden d\u00fcrfen, die Ihrer Einwilligung widersprechen. Weitere Informationen finden Sie in Abschnitt 2.<\/p><p>Unser Unternehmen \u00fcbermittelt keine Daten ins Ausland.<\/p><p>Das Gericht, die Staatsanwaltschaft und andere Beh\u00f6rden (z. B. Polizei, Finanzamt, Bundesdatenschutzbeh\u00f6rde) k\u00f6nnen unser Unternehmen kontaktieren, um Informationen zu erhalten, Daten offenzulegen oder Dokumente zur Verf\u00fcgung zu stellen. In diesen F\u00e4llen m\u00fcssen wir unserer Auskunftspflicht nachkommen, jedoch nur in dem Umfang, der zur Erf\u00fcllung des Zwecks der Anfrage unbedingt erforderlich ist.<\/p><p>Die Mitarbeiter und Kooperationspartner unseres Unternehmens, die mit der Datenverwaltung und\/oder Datenverarbeitung befasst sind, haben unter Wahrung der Vertraulichkeit in einem vorbestimmten Umfang Zugriff auf Ihre personenbezogenen Daten.<\/p><p>Wir sch\u00fctzen Ihre personenbezogenen Daten mit geeigneten technischen und sonstigen Ma\u00dfnahmen und gew\u00e4hrleisten die Sicherheit und Verf\u00fcgbarkeit der Daten sowie deren Schutz vor unberechtigtem Zugriff, Ver\u00e4nderung, Besch\u00e4digung, Offenlegung und jeder anderen unberechtigten Nutzung.<\/p><p>Im Rahmen unserer organisatorischen Ma\u00dfnahmen kontrollieren wir den physischen Zugang zu unseren Geb\u00e4uden, schulen unsere Mitarbeiter kontinuierlich und bewahren Papierdokumente sicher und verschlossen auf. Technisch gesehen setzen wir Verschl\u00fcsselung, Passwortschutz und Antivirensoftware ein. Wir m\u00f6chten jedoch darauf hinweisen, dass die Daten\u00fcbertragung \u00fcber das Internet nicht als absolut sicher gelten kann. Unser Unternehmen unternimmt alles, um die Prozesse so sicher wie m\u00f6glich zu gestalten. Dennoch k\u00f6nnen wir keine vollst\u00e4ndige Haftung f\u00fcr die Daten\u00fcbertragung \u00fcber unsere Website \u00fcbernehmen. Wir halten uns jedoch an strenge Datenschutzrichtlinien, um die Sicherheit Ihrer Daten zu gew\u00e4hrleisten und unberechtigten Zugriff zu verhindern.<\/p><p>Im Hinblick auf Sicherheitsfragen bitten wir Sie, Ihr Zugangspasswort f\u00fcr unsere Website sorgf\u00e4ltig aufzubewahren und es niemandem weiterzugeben.<\/p><p><b>8. Welche Rechte und Rechtsmittel stehen Ihnen zu?<\/b><\/p><p>Sie \u00fcber Datenverarbeitung<\/p><ul><li>Sie k\u00f6nnen Informationen anfordern.,<\/li><li>Sie k\u00f6nnen die Berichtigung, \u00c4nderung oder Vervollst\u00e4ndigung Ihrer von uns verarbeiteten personenbezogenen Daten beantragen.,<\/li><li>Sie k\u00f6nnen der Datenverarbeitung widersprechen und die L\u00f6schung und Sperrung Ihrer Daten verlangen (ausgenommen obligatorische Datenverarbeitung).,<\/li><li>kann vor Gericht Rechtsschutz suchen.,<\/li><li>Sie k\u00f6nnen eine Beschwerde bei der Aufsichtsbeh\u00f6rde einreichen oder ein Verfahren einleiten (<a href=\"https:\/\/naih.hu\/panaszuegyintezes-rendje.html\" target=\"_blank\" rel=\"noopener\">https:\/\/naih.hu\/panaszuegyintezes-rendje.html<\/a>).<\/li><\/ul><p>Aufsichtsbeh\u00f6rde: Nationale Datenschutz- und Informationsfreiheitsbeh\u00f6rde<\/p><ul><li>Sitz: 1125 Budapest, Szil\u00e1gyi Erzs\u00e9bet fasor 22\/c.<\/li><li>Postanschrift: 1530 Budapest, Postfach: 5.<\/li><li>Telefon: +36 (1) 391-1400<\/li><li>Fax: +36 (1) 391-1410<\/li><li>E-Mail: ugyfelszolgalat@naih.hu<\/li><li>Webseite: https:\/\/naih.hu\/<\/li><\/ul><p>Auf Ihren Wunsch hin stellen wir Ihnen Informationen \u00fcber die von uns verarbeiteten Daten bzw. die Daten, die wir in Ihrem Auftrag verarbeiten, zur Verf\u00fcgung.<\/p><ul><li>\u00fcber Ihre Daten,<\/li><li>\u00fcber ihre Quelle,<\/li><li>Zweck und Rechtsgrundlage der Datenverarbeitung,<\/li><li>die Dauer des Zeitraums oder, falls dies nicht m\u00f6glich ist, die Kriterien zur Bestimmung dieser Dauer,<\/li><li>Name, Anschrift und T\u00e4tigkeiten unserer Datenverarbeiter im Zusammenhang mit der Datenverarbeitung,<\/li><li>die Umst\u00e4nde und Auswirkungen von Datenschutzvorf\u00e4llen und die Ma\u00dfnahmen, die wir zu deren Verhinderung und Behebung ergriffen haben, sowie<\/li><li>Im Falle der \u00dcbermittlung Ihrer personenbezogenen Daten werden die Rechtsgrundlage und der Empf\u00e4nger der Daten\u00fcbermittlung mitgeteilt.<\/li><\/ul><p>Wir stellen Ihnen die Informationen innerhalb von 15 Tagen (sp\u00e4testens jedoch innerhalb eines Monats) nach Eingang Ihrer Anfrage zur Verf\u00fcgung. Die Auskunft ist kostenlos, es sei denn, Sie haben im laufenden Jahr bereits eine Anfrage zu denselben Daten an uns gerichtet. Wir erstatten Ihnen die bereits gezahlten Kosten, wenn die Daten unrechtm\u00e4\u00dfig verarbeitet wurden oder die Anfrage zu einer Berichtigung gef\u00fchrt hat. Wir k\u00f6nnen die Auskunftserteilung nur in gesetzlich vorgesehenen F\u00e4llen verweigern. In diesem Fall geben wir den Rechtsweg an und informieren Sie \u00fcber die M\u00f6glichkeit, Rechtsmittel einzulegen oder sich an die zust\u00e4ndige Beh\u00f6rde zu wenden.<\/p><p>Unser Unternehmen wird Sie und alle Personen, an die die Daten zuvor zur Datenverarbeitung weitergeleitet wurden, \u00fcber die Berichtigung, Sperrung, Kennzeichnung und L\u00f6schung personenbezogener Daten informieren, es sei denn, die Nichtbenachrichtigung verst\u00f6\u00dft nicht gegen Ihre berechtigten Interessen.<\/p><p>Wenn wir Ihrem Antrag auf Berichtigung, Sperrung oder L\u00f6schung nicht nachkommen, werden wir Sie innerhalb von 15 Tagen nach Eingang des Antrags (sp\u00e4testens jedoch innerhalb eines Monats) schriftlich oder \u2013 mit Ihrer Zustimmung \u2013 elektronisch \u00fcber die Gr\u00fcnde f\u00fcr unsere Ablehnung informieren und Sie \u00fcber die M\u00f6glichkeit eines Rechtsbehelfs vor Gericht und der Kontaktaufnahme mit der Beh\u00f6rde aufkl\u00e4ren.<\/p><p>Wenn Sie der Verarbeitung Ihrer personenbezogenen Daten widersprechen, werden wir Ihren Widerspruch innerhalb von 15 Tagen (sp\u00e4testens jedoch innerhalb eines Monats) nach Eingang pr\u00fcfen und Ihnen unsere Entscheidung schriftlich mitteilen. Sollten wir Ihren Widerspruch f\u00fcr begr\u00fcndet halten, werden wir die Datenverarbeitung \u2013 einschlie\u00dflich der weiteren Datenerhebung und -\u00fcbermittlung \u2013 einstellen und die Daten sperren. Wir werden zudem alle Personen benachrichtigen, an die wir die von dem Widerspruch betroffenen personenbezogenen Daten zuvor \u00fcbermittelt haben und die verpflichtet sind, Ma\u00dfnahmen zur Durchsetzung Ihres Widerspruchsrechts zu ergreifen.<\/p><p>Wir werden Ihrem Antrag nicht nachkommen, wenn wir zwingende berechtigte Gr\u00fcnde f\u00fcr die Verarbeitung nachweisen k\u00f6nnen, die Ihre Interessen, Rechte und Freiheiten \u00fcberwiegen, oder wenn die Verarbeitung der Geltendmachung, Aus\u00fcbung oder Verteidigung von Rechtsanspr\u00fcchen dient. Sollten Sie mit unserer Entscheidung nicht einverstanden sein oder wir die Frist vers\u00e4umen, k\u00f6nnen Sie innerhalb von 30 Tagen nach Bekanntgabe der Entscheidung bzw. nach Ablauf der Frist beim Gericht Berufung einlegen.<\/p><p>Die Entscheidung \u00fcber Datenschutzklagen f\u00e4llt in die Zust\u00e4ndigkeit des Gerichts, und die Klage kann \u2013 nach Wahl der betroffenen Person \u2013 auch vor dem Gericht ihres Wohnsitzes oder Aufenthaltsortes erhoben werden. Ein ausl\u00e4ndischer Staatsb\u00fcrger kann zudem eine Beschwerde bei der f\u00fcr seinen Wohnsitz zust\u00e4ndigen Aufsichtsbeh\u00f6rde einreichen.<\/p><p><b>Wir bitten Sie h\u00f6flich, sich mit unserem Unternehmen in Verbindung zu setzen, bevor Sie Ihre Beschwerde bei der Aufsichtsbeh\u00f6rde oder dem Gericht einreichen \u2013 um eine Beratung zu erm\u00f6glichen und das Problem so schnell wie m\u00f6glich zu l\u00f6sen.<\/b><b><\/b><\/p><p><b>9. Welche Gesetze regeln unsere Aktivit\u00e4ten im Wesentlichen?<\/b><\/p><ul><li>Verordnung (EU) 2016\/679 des Europ\u00e4ischen Parlaments und des Rates \u00fcber die Verarbeitung personenbezogener Daten nat\u00fcrlicher Personen (DSGVO)<\/li><li>Gesetz CXII von 2011 \u00fcber das Recht auf informationelle Selbstbestimmung und Informationsfreiheit \u2013 (Informationsgesetz)<\/li><li>Gesetz V von 2013 \u00fcber das B\u00fcrgerliche Gesetzbuch (B\u00fcrgerliches Gesetzbuch)<\/li><li>Gesetz CVIII von 2001 \u00fcber bestimmte Fragen des elektronischen Gesch\u00e4ftsverkehrs und der Dienstleistungen im Zusammenhang mit der Informationsgesellschaft \u2013 (Eker-Gesetz)<\/li><li>Gesetz C von 2003 \u00fcber elektronische Kommunikation \u2013 (EHTV)<\/li><li>Gesetz CLV von 1997 \u00fcber den Verbraucherschutz (Verbraucherschutzgesetz)<\/li><li>Gesetz CLXV von 2013 \u00fcber Beschwerden und Mitteilungen im \u00f6ffentlichen Interesse (Pktv.)<\/li><li>Gesetz XLVIII von 2008 \u00fcber die Grundbedingungen und bestimmte Beschr\u00e4nkungen der wirtschaftlichen Werbet\u00e4tigkeit (Grtv.).<\/li><\/ul><p><b>10. \u00c4nderung der Datenverarbeitungsinformationen<\/b><\/p><p>Unser Unternehmen beh\u00e4lt sich das Recht vor, diese Datenschutzinformationen zu \u00e4ndern und wird die betroffenen Personen in angemessener Weise dar\u00fcber informieren. Die Ver\u00f6ffentlichung von Informationen zum Datenschutz ist <b>yourdomain.hu<\/b> findet auf der Website statt.<\/p>\t\t\t\t\t\t\t\t<\/div>\n\t\t\t\t<div class=\"elementor-element elementor-element-b748ff9 elementor-widget elementor-widget-text-editor\" data-id=\"b748ff9\" data-element_type=\"widget\" data-e-type=\"widget\" data-widget_type=\"text-editor.default\">\n\t\t\t\t\t\t\t\t\t<p>Budapest, 06.11.2024.<\/p>\t\t\t\t\t\t\t\t<\/div>\n\t\t\t\t\t<\/div>\n\t\t<\/div>\n\t\t\t\t\t<\/div>\n\t\t<\/section>\n\t\t\t\t<\/div>","protected":false},"excerpt":{"rendered":"<p>Adatv\u00e9delmi t\u00e1j\u00e9koztat\u00f3 amelyben t\u00e1j\u00e9koztatjuk \u00d6nt, mint honlapunk l\u00e1togat\u00f3j\u00e1t, valamint szolg\u00e1ltat\u00e1saink ig\u00e9nybe vev\u0151j\u00e9t t\u00e1rsas\u00e1gunk adatkezel\u00e9si \u00e9s adatv\u00e9delmi szab\u00e1lyair\u00f3l. 1. Milyen alapelveket k\u00f6vet\u00fcnk adatkezel\u00e9s\u00fcnk sor\u00e1n? T\u00e1rsas\u00e1gunk az adatkezel\u00e9se sor\u00e1n al\u00e1bbi alapelveket k\u00f6veti: a szem\u00e9lyes adatokat jogszer\u0171en \u00e9s tisztess\u00e9gesen, valamint az \u00d6n sz\u00e1m\u00e1ra \u00e1tl\u00e1that\u00f3an kezelj\u00fck. a szem\u00e9lyes adatokat csak meghat\u00e1rozott, egy\u00e9rtelm\u0171 \u00e9s jogszer\u0171 c\u00e9lb\u00f3l gy\u0171jtj\u00fck \u00e9s azokat nem [&hellip;]<\/p>\n","protected":false},"author":1,"featured_media":0,"parent":0,"menu_order":0,"comment_status":"closed","ping_status":"closed","template":"","meta":{"_acf_changed":false,"footnotes":""},"class_list":["post-1337","page","type-page","status-publish","hentry"],"acf":[],"_links":{"self":[{"href":"https:\/\/www.smuzcafe.hu\/de\/wp-json\/wp\/v2\/pages\/1337","targetHints":{"allow":["GET"]}}],"collection":[{"href":"https:\/\/www.smuzcafe.hu\/de\/wp-json\/wp\/v2\/pages"}],"about":[{"href":"https:\/\/www.smuzcafe.hu\/de\/wp-json\/wp\/v2\/types\/page"}],"author":[{"embeddable":true,"href":"https:\/\/www.smuzcafe.hu\/de\/wp-json\/wp\/v2\/users\/1"}],"replies":[{"embeddable":true,"href":"https:\/\/www.smuzcafe.hu\/de\/wp-json\/wp\/v2\/comments?post=1337"}],"version-history":[{"count":0,"href":"https:\/\/www.smuzcafe.hu\/de\/wp-json\/wp\/v2\/pages\/1337\/revisions"}],"wp:attachment":[{"href":"https:\/\/www.smuzcafe.hu\/de\/wp-json\/wp\/v2\/media?parent=1337"}],"curies":[{"name":"wp","href":"https:\/\/api.w.org\/{rel}","templated":true}]}}